{"id":7320,"date":"2021-10-08T15:27:53","date_gmt":"2021-10-08T19:27:53","guid":{"rendered":"https:\/\/olrfamilycatechism.com\/about-2\/"},"modified":"2026-04-01T10:39:03","modified_gmt":"2026-04-01T14:39:03","slug":"about-2","status":"publish","type":"page","link":"https:\/\/olrfamilycatechism.com\/es\/about-2\/","title":{"rendered":"Acerca"},"content":{"rendered":"<p><div class=\"fusion-fullwidth fullwidth-box fusion-builder-row-1 fusion-flex-container nonhundred-percent-fullwidth non-hundred-percent-height-scrolling\" style=\"--awb-border-sizes-top:0px;--awb-border-sizes-bottom:0px;--awb-border-sizes-left:0px;--awb-border-sizes-right:0px;--awb-border-radius-top-left:0px;--awb-border-radius-top-right:0px;--awb-border-radius-bottom-right:0px;--awb-border-radius-bottom-left:0px;--awb-padding-top:0px;--awb-padding-right:0px;--awb-padding-left:0px;--awb-margin-bottom:0px;--awb-flex-wrap:wrap;\" ><div class=\"fusion-builder-row fusion-row fusion-flex-align-items-flex-start fusion-flex-content-wrap\" style=\"max-width:1248px;margin-left: calc(-4% \/ 2 );margin-right: calc(-4% \/ 2 );\"><div class=\"fusion-layout-column fusion_builder_column fusion-builder-column-0 fusion_builder_column_1_1 1_1 fusion-flex-column\" style=\"--awb-bg-blend:overlay;--awb-bg-size:cover;--awb-width-large:100%;--awb-margin-top-large:0px;--awb-spacing-right-large:1.92%;--awb-margin-bottom-large:0px;--awb-spacing-left-large:1.92%;--awb-width-medium:100%;--awb-spacing-right-medium:1.92%;--awb-spacing-left-medium:1.92%;--awb-width-small:100%;--awb-spacing-right-small:1.92%;--awb-spacing-left-small:1.92%;\"><div class=\"fusion-column-wrapper fusion-flex-justify-content-flex-start fusion-content-layout-column\">\t\t\t\t<\/div><\/div><\/div><\/div><div class=\"fusion-fullwidth fullwidth-box fusion-builder-row-2 fusion-flex-container nonhundred-percent-fullwidth non-hundred-percent-height-scrolling\" style=\"--awb-background-position:left top;--awb-border-sizes-top:0px;--awb-border-sizes-bottom:0px;--awb-border-sizes-left:0px;--awb-border-sizes-right:0px;--awb-border-radius-top-left:0px;--awb-border-radius-top-right:0px;--awb-border-radius-bottom-right:0px;--awb-border-radius-bottom-left:0px;--awb-padding-top:0px;--awb-padding-bottom:0px;--awb-margin-bottom:0px;--awb-flex-wrap:wrap;\" ><div class=\"fusion-builder-row fusion-row fusion-flex-align-items-flex-start fusion-flex-content-wrap\" style=\"max-width:calc( 1200px + 0px );margin-left: calc(-0px \/ 2 );margin-right: calc(-0px \/ 2 );\"><div class=\"fusion-layout-column fusion_builder_column fusion-builder-column-1 fusion_builder_column_1_1 1_1 fusion-flex-column fusion-flex-align-self-flex-start fusion-column-no-min-height\" style=\"--awb-padding-top:5%;--awb-padding-right:10%;--awb-padding-left:10%;--awb-bg-blend:overlay;--awb-bg-size:cover;--awb-width-large:100%;--awb-margin-top-large:0%;--awb-spacing-right-large:0px;--awb-margin-bottom-large:0px;--awb-spacing-left-large:0px;--awb-width-medium:100%;--awb-spacing-right-medium:0px;--awb-spacing-left-medium:0px;--awb-width-small:100%;--awb-spacing-right-small:0px;--awb-spacing-left-small:0px;\"><div class=\"fusion-column-wrapper fusion-flex-justify-content-flex-start fusion-content-layout-column\"><div class=\"fusion-title title fusion-title-1 fusion-sep-none fusion-title-center fusion-title-text fusion-title-size-two\" style=\"--awb-margin-top-small:10px;--awb-margin-right-small:0px;--awb-margin-bottom-small:10px;--awb-margin-left-small:0px;\"><h2 class=\"fusion-title-heading title-heading-center fusion-responsive-typography-calculated\" style=\"margin:0;--fontSize:40;line-height:1.2;\">ACERCA DE ESTE CURSO<\/h2><\/div><div class=\"fusion-text fusion-text-1\"><p style=\"text-align: justify;\">Nuestra Se\u00f1ora del Rosario Catecismo Familiar es un curso completo de catecismo en l\u00ednea para ni\u00f1os y familias, basado en el cl\u00e1sico Catecismo de Baltimore. Las lecciones, de f\u00e1cil acceso, son presentadas por el P. Anthony Pillari, JCL, MCL, STL, JD, con la intenci\u00f3n de que todos los ni\u00f1os aprendan el Catecismo de memoria, como lo hac\u00edan generaciones de cat\u00f3licos para conocer y amar verdaderamente nuestra fe. Al aceptar este hermoso desaf\u00edo, se nos invita a unirnos a la misi\u00f3n que Nuestra Se\u00f1ora dio en F\u00e1tima: trabajar por la salvaci\u00f3n de las almas esforz\u00e1ndonos por la santidad en nuestra vida diaria. Obt\u00e9n m\u00e1s informaci\u00f3n sobre el curso en el Paquete de Informaci\u00f3n proporcionado.<\/p>\n<p style=\"text-align: center; font-size: 24px;\" data-fusion-font=\"true\">SOBRE EL PROGRAMA EN ESPA\u00d1OL<\/p>\n<p>Para crear el programa en espa\u00f1ol, varios factores y componentes se unieron en la Providencia de Dios.<\/p>\n<p>Ante todo, estamos entrando en un nuevo \u00e1mbito de tecnolog\u00eda avanzada que, hace apenas un a\u00f1o, no habr\u00eda permitido crear la versi\u00f3n en espa\u00f1ol de una manera econ\u00f3mica y fiel. Coincidiendo con el deseo del Padre Pillari de realizar una versi\u00f3n en espa\u00f1ol, se dio el avance y la accesibilidad de un software de video sofisticado que permite traducir y reproducir su presentaci\u00f3n con el sonido de su propia voz, sin las barreras de una voz doblada ni la desincronizaci\u00f3n entre la boca y el habla.<\/p>\n<p>Uno de nuestros soldados del Rosario pudo ponernos en contacto con un amigo cat\u00f3lico con muchos a\u00f1os de experiencia en producci\u00f3n de video: Brian Falcon. Brian acogi\u00f3 este proyecto con el fervor de su fe cat\u00f3lica y la destreza de un veterano talentoso. Utilizando software especializado y una muestra grabada del Padre Pillari hablando en espa\u00f1ol, as\u00ed como numerosas muestras en ingl\u00e9s, Brian transform\u00f3 los videos para que el Padre Pillari aparezca con su voz e imagen hablando en espa\u00f1ol.<\/p>\n<p>Para ser lo m\u00e1s fieles posible al programa original, se utilizaron todas las obras de arte y las pistas musicales de las versiones originales.<\/p>\n<p>Un equipo cat\u00f3lico biling\u00fce de editores realiz\u00f3 un gran trabajo, revisando repetidamente los videos para hacer correcciones y ajustes finos. Adem\u00e1s, todos los cuestionarios, actividades y el sitio web fueron traducidos por Maricarmen Romero.<\/p>\n<p>Finalmente, para asegurar que el contenido se mantuviera teol\u00f3gicamente fiel y que nada se comunicara de manera incorrecta en la traducci\u00f3n, el Padre Eladio Solano, de Radio Mar\u00eda Costa Rica, revis\u00f3 el programa y le dio su aprobaci\u00f3n.<\/p>\n<\/div><div class=\"fusion-separator fusion-full-width-sep\" style=\"align-self: center;margin-left: auto;margin-right: auto;margin-top:50px;width:100%;\"><\/div><\/div><\/div><\/div><\/div><div class=\"fusion-fullwidth fullwidth-box fusion-builder-row-3 fusion-flex-container nonhundred-percent-fullwidth non-hundred-percent-height-scrolling\" style=\"--awb-background-position:left top;--awb-border-sizes-top:0px;--awb-border-sizes-bottom:0px;--awb-border-sizes-left:0px;--awb-border-sizes-right:0px;--awb-border-radius-top-left:0px;--awb-border-radius-top-right:0px;--awb-border-radius-bottom-right:0px;--awb-border-radius-bottom-left:0px;--awb-padding-top:0px;--awb-padding-bottom:0px;--awb-background-color:#fffbf4;--awb-flex-wrap:wrap;\" ><div class=\"fusion-builder-row fusion-row fusion-flex-align-items-flex-start fusion-flex-content-wrap\" style=\"max-width:calc( 1200px + 0px );margin-left: calc(-0px \/ 2 );margin-right: calc(-0px \/ 2 );\"><div class=\"fusion-layout-column fusion_builder_column fusion-builder-column-2 fusion_builder_column_1_1 1_1 fusion-flex-column fusion-flex-align-self-flex-start fusion-column-no-min-height\" style=\"--awb-padding-right:13%;--awb-padding-left:13%;--awb-bg-blend:overlay;--awb-bg-size:cover;--awb-width-large:100%;--awb-margin-top-large:5%;--awb-spacing-right-large:0px;--awb-margin-bottom-large:0px;--awb-spacing-left-large:0px;--awb-width-medium:100%;--awb-spacing-right-medium:0px;--awb-spacing-left-medium:0px;--awb-width-small:100%;--awb-spacing-right-small:0px;--awb-spacing-left-small:0px;\"><div class=\"fusion-column-wrapper fusion-flex-justify-content-flex-start fusion-content-layout-column\"><div class=\"fusion-title title fusion-title-2 fusion-sep-none fusion-title-center fusion-title-text fusion-title-size-four\" style=\"--awb-margin-bottom:7.5%;--awb-margin-top-small:10px;--awb-margin-right-small:0px;--awb-margin-bottom-small:10px;--awb-margin-left-small:0px;--awb-font-size:22px;\"><h4 class=\"fusion-title-heading title-heading-center fusion-responsive-typography-calculated\" style=\"margin:0;font-size:1em;--fontSize:22;--minFontSize:22;line-height:1.36;\">VIDEO DE INTRODUCCI\u00d3N PARA PADRES Y CATEQUISTAS<\/h4><\/div><a class=\"awb-lightbox awb-lightbox-1\" href=\"https:\/\/vimeo.com\/1131895815\" data-rel=\"iLightbox\"><img decoding=\"async\" src=\"https:\/\/olrfamilycatechism.com\/wp-content\/uploads\/2025\/11\/Intro-Lesson-1-1025x577.jpg\"><\/a><div class=\"fusion-separator fusion-full-width-sep\" style=\"align-self: center;margin-left: auto;margin-right: auto;margin-top:50px;width:100%;\"><\/div><\/div><\/div><\/div><\/div><div class=\"fusion-fullwidth fullwidth-box fusion-builder-row-4 fusion-flex-container nonhundred-percent-fullwidth non-hundred-percent-height-scrolling\" style=\"--awb-background-position:left top;--awb-border-sizes-bottom:0px;--awb-border-sizes-left:0px;--awb-border-sizes-right:0px;--awb-border-radius-top-left:0px;--awb-border-radius-top-right:0px;--awb-border-radius-bottom-right:0px;--awb-border-radius-bottom-left:0px;--awb-padding-top:0px;--awb-padding-bottom:3%;--awb-margin-top:0px;--awb-background-color:#fffbf4;--awb-flex-wrap:wrap;\" ><div class=\"fusion-builder-row fusion-row fusion-flex-align-items-stretch fusion-flex-content-wrap\" style=\"max-width:1248px;margin-left: calc(-4% \/ 2 );margin-right: calc(-4% \/ 2 );\"><div class=\"fusion-layout-column fusion_builder_column fusion-builder-column-3 fusion_builder_column_1_1 1_1 fusion-flex-column\" style=\"--awb-padding-top:4%;--awb-padding-right:4%;--awb-padding-bottom:2.5%;--awb-padding-left:4%;--awb-overflow:hidden;--awb-bg-color:rgba(255,255,255,0.57);--awb-bg-color-hover:rgba(255,255,255,0.57);--awb-bg-blend:overlay;--awb-bg-size:cover;--awb-box-shadow:0px 5px 40px 1px rgba(0,0,0,0.15);;--awb-border-radius:10px 10px 10px 10px;--awb-width-large:100%;--awb-margin-top-large:1%;--awb-spacing-right-large:14.4%;--awb-margin-bottom-large:3%;--awb-spacing-left-large:14.4%;--awb-width-medium:100%;--awb-spacing-right-medium:14.4%;--awb-spacing-left-medium:14.4%;--awb-width-small:100%;--awb-spacing-right-small:1.92%;--awb-spacing-left-small:1.92%;\"><div class=\"fusion-column-wrapper fusion-column-has-shadow fusion-flex-justify-content-flex-start fusion-content-layout-column\"><div class=\"fusion-text fusion-text-2\"><p class=\"fusion-responsive-typography-calculated\" style=\"text-align: center;\" data-fusion-font=\"true\" data-fontsize=\"20\" data-lineheight=\"27.2px\">\u00abEstoy emocionado para guiarte en tu estudio de todo el Catecismo de Baltimore. Te animar\u00eda encarecidamente a unirte a la Cruzada del Catecismo y a registrar all\u00ed semanalmente el progreso de cada uno de tus hijos, as\u00ed como el tuyo propio. Tras a\u00f1os de trabajar con ni\u00f1os, adolescentes y adultos, he comprobado que hace una gran diferencia en la vida espiritual o en el estudio de la fe tener una responsabilidad semanal. Sin ella, muy pocos perseveran en estudiar bien la fe o en aspectos clave de su vida espiritual. Pero con esa responsabilidad, y con el reconocimiento y los niveles que se alcanzan en los momentos oportunos, incluso aquellos que suelen ser indisciplinados pueden avanzar mucho. Adem\u00e1s, al registrar tu progreso semanalmente estar\u00e1s animando a otros ni\u00f1os y familias en todo el mundo, porque sabr\u00e1n que no est\u00e1n solos en este esfuerzo. As\u00ed que, como sacerdote, te pido tu ayuda. Por favor, ay\u00fadame a ayudar a tus propios hijos, y a los ni\u00f1os de todo el mundo, registrando semanalmente tu progreso en esta Cruzada del Catecismo\u00bb.<\/p>\n<p style=\"letter-spacing: 1px; text-align: center;\" data-fusion-font=\"true\"><b style=\"color: #680c0c;\">P. Anthony Pillari JCL, MCL, STL, JD<\/b><\/p>\n<\/div><\/div><\/div><\/div><\/div><div class=\"fusion-fullwidth fullwidth-box fusion-builder-row-5 fusion-flex-container nonhundred-percent-fullwidth non-hundred-percent-height-scrolling\" style=\"--awb-background-position:left top;--awb-border-sizes-top:0px;--awb-border-sizes-bottom:0px;--awb-border-sizes-left:0px;--awb-border-sizes-right:0px;--awb-border-radius-top-left:0px;--awb-border-radius-top-right:0px;--awb-border-radius-bottom-right:0px;--awb-border-radius-bottom-left:0px;--awb-padding-top:0px;--awb-padding-bottom:4%;--awb-flex-wrap:wrap;\" ><div class=\"fusion-builder-row fusion-row fusion-flex-align-items-center fusion-flex-content-wrap\" style=\"max-width:1248px;margin-left: calc(-4% \/ 2 );margin-right: calc(-4% \/ 2 );\"><div class=\"fusion-layout-column fusion_builder_column fusion-builder-column-4 fusion_builder_column_1_1 1_1 fusion-flex-column fusion-flex-align-self-flex-start\" style=\"--awb-bg-size:cover;--awb-width-large:100%;--awb-margin-top-large:4%;--awb-spacing-right-large:0%;--awb-margin-bottom-large:20px;--awb-spacing-left-large:0%;--awb-width-medium:100%;--awb-order-medium:0;--awb-spacing-right-medium:0%;--awb-spacing-left-medium:0%;--awb-width-small:100%;--awb-order-small:0;--awb-spacing-right-small:1.92%;--awb-spacing-left-small:1.92%;\"><div class=\"fusion-column-wrapper fusion-column-has-shadow fusion-flex-justify-content-flex-start fusion-content-layout-column\"><div style=\"text-align:center;\"><a class=\"fusion-button button-flat button-large button-custom fusion-button-default button-1 fusion-button-default-span fusion-button-default-type fusion-has-button-gradient\" style=\"--button_accent_color:#ffffff;--button_accent_hover_color:#ffffff;--button_border_hover_color:#591515;--button_border_width-top:0px;--button_border_width-right:0px;--button_border_width-bottom:0px;--button_border_width-left:0px;--button-border-radius-top-left:6px;--button-border-radius-top-right:6px;--button-border-radius-bottom-right:6px;--button-border-radius-bottom-left:6px;--button_gradient_top_color:#912121;--button_gradient_bottom_color:#9e4242;--button_gradient_top_color_hover:#b55656;--button_gradient_bottom_color_hover:#d16464;--button_text_transform:uppercase;--button_margin-top:4.5%;--button_margin-bottom:1%;\" target=\"_blank\" rel=\"noopener noreferrer\" href=\"https:\/\/olrfamilycatechism.com\/wp-content\/uploads\/2025\/11\/NSRCF-Paquete-de-Information.pdf\"><span class=\"fusion-button-text awb-button__text awb-button__text--default\">M\u00e1s informaci\u00f3n en el paquete de informaci\u00f3n para padres.<\/span><\/a><\/div><div class=\"fusion-image-element \" style=\"text-align:center;--awb-caption-title-font-family:var(--h2_typography-font-family);--awb-caption-title-font-weight:var(--h2_typography-font-weight);--awb-caption-title-font-style:var(--h2_typography-font-style);--awb-caption-title-size:var(--h2_typography-font-size);--awb-caption-title-transform:var(--h2_typography-text-transform);--awb-caption-title-line-height:var(--h2_typography-line-height);--awb-caption-title-letter-spacing:var(--h2_typography-letter-spacing);\"><span class=\" fusion-imageframe imageframe-none imageframe-1 hover-type-none\"><img decoding=\"async\" width=\"233\" height=\"300\" title=\"Paquete de inf padres\" src=\"https:\/\/olrfamilycatechism.com\/wp-content\/uploads\/2025\/10\/Paquete-de-inf-padres-233x300.jpg\" alt class=\"img-responsive wp-image-8347\" srcset=\"https:\/\/olrfamilycatechism.com\/wp-content\/uploads\/2025\/10\/Paquete-de-inf-padres-200x258.jpg 200w, https:\/\/olrfamilycatechism.com\/wp-content\/uploads\/2025\/10\/Paquete-de-inf-padres-400x515.jpg 400w, https:\/\/olrfamilycatechism.com\/wp-content\/uploads\/2025\/10\/Paquete-de-inf-padres-600x773.jpg 600w, https:\/\/olrfamilycatechism.com\/wp-content\/uploads\/2025\/10\/Paquete-de-inf-padres.jpg 613w\" sizes=\"(max-width: 640px) 100vw, 233px\" \/><\/span><\/div><\/div><\/div><\/div><\/div><div class=\"fusion-fullwidth fullwidth-box fusion-builder-row-6 fusion-flex-container nonhundred-percent-fullwidth non-hundred-percent-height-scrolling\" style=\"--awb-border-radius-top-left:0px;--awb-border-radius-top-right:0px;--awb-border-radius-bottom-right:0px;--awb-border-radius-bottom-left:0px;--awb-padding-top:19px;--awb-margin-top:0px;--awb-background-color:#fff6e5;--awb-flex-wrap:wrap;\" ><div class=\"fusion-builder-row fusion-row fusion-flex-align-items-flex-start fusion-flex-content-wrap\" style=\"max-width:1248px;margin-left: calc(-4% \/ 2 );margin-right: calc(-4% \/ 2 );\"><div class=\"fusion-layout-column fusion_builder_column fusion-builder-column-5 fusion_builder_column_1_1 1_1 fusion-flex-column\" style=\"--awb-padding-top:3.5%;--awb-padding-bottom:3%;--awb-bg-size:cover;--awb-width-large:100%;--awb-margin-top-large:0px;--awb-spacing-right-large:1.92%;--awb-margin-bottom-large:0px;--awb-spacing-left-large:1.92%;--awb-width-medium:100%;--awb-order-medium:0;--awb-spacing-right-medium:1.92%;--awb-spacing-left-medium:1.92%;--awb-width-small:100%;--awb-order-small:0;--awb-spacing-right-small:1.92%;--awb-spacing-left-small:1.92%;\"><div class=\"fusion-column-wrapper fusion-column-has-shadow fusion-flex-justify-content-flex-start fusion-content-layout-column\"><div class=\"fusion-image-element \" style=\"text-align:center;--awb-caption-title-font-family:var(--h2_typography-font-family);--awb-caption-title-font-weight:var(--h2_typography-font-weight);--awb-caption-title-font-style:var(--h2_typography-font-style);--awb-caption-title-size:var(--h2_typography-font-size);--awb-caption-title-transform:var(--h2_typography-text-transform);--awb-caption-title-line-height:var(--h2_typography-line-height);--awb-caption-title-letter-spacing:var(--h2_typography-letter-spacing);\"><span class=\" fusion-imageframe imageframe-none imageframe-2 hover-type-none\"><a class=\"fusion-no-lightbox\" href=\"https:\/\/reginangelorumpress.com\/\" target=\"_blank\" aria-label=\"RAI Logo\" rel=\"noopener noreferrer\"><img decoding=\"async\" width=\"232\" height=\"300\" src=\"https:\/\/olrfamilycatechism.com\/wp-content\/uploads\/2026\/04\/RAI-Logo-1-232x300.png\" alt class=\"img-responsive wp-image-8642\" srcset=\"https:\/\/olrfamilycatechism.com\/wp-content\/uploads\/2026\/04\/RAI-Logo-1-200x259.png 200w, https:\/\/olrfamilycatechism.com\/wp-content\/uploads\/2026\/04\/RAI-Logo-1-400x518.png 400w, https:\/\/olrfamilycatechism.com\/wp-content\/uploads\/2026\/04\/RAI-Logo-1-600x776.png 600w, https:\/\/olrfamilycatechism.com\/wp-content\/uploads\/2026\/04\/RAI-Logo-1-800x1035.png 800w, https:\/\/olrfamilycatechism.com\/wp-content\/uploads\/2026\/04\/RAI-Logo-1-1200x1553.png 1200w\" sizes=\"(max-width: 640px) 100vw, 1200px\" \/><\/a><\/span><\/div><\/div><\/div><\/div><\/div><\/p>\n","protected":false},"excerpt":{"rendered":"","protected":false},"author":6,"featured_media":0,"parent":0,"menu_order":0,"comment_status":"closed","ping_status":"closed","template":"100-width.php","meta":{"give_campaign_id":0,"footnotes":""},"class_list":["post-7320","page","type-page","status-publish","hentry"],"campaignId":"","_links":{"self":[{"href":"https:\/\/olrfamilycatechism.com\/es\/wp-json\/wp\/v2\/pages\/7320","targetHints":{"allow":["GET"]}}],"collection":[{"href":"https:\/\/olrfamilycatechism.com\/es\/wp-json\/wp\/v2\/pages"}],"about":[{"href":"https:\/\/olrfamilycatechism.com\/es\/wp-json\/wp\/v2\/types\/page"}],"author":[{"embeddable":true,"href":"https:\/\/olrfamilycatechism.com\/es\/wp-json\/wp\/v2\/users\/6"}],"replies":[{"embeddable":true,"href":"https:\/\/olrfamilycatechism.com\/es\/wp-json\/wp\/v2\/comments?post=7320"}],"version-history":[{"count":0,"href":"https:\/\/olrfamilycatechism.com\/es\/wp-json\/wp\/v2\/pages\/7320\/revisions"}],"wp:attachment":[{"href":"https:\/\/olrfamilycatechism.com\/es\/wp-json\/wp\/v2\/media?parent=7320"}],"curies":[{"name":"wp","href":"https:\/\/api.w.org\/{rel}","templated":true}]}}