{"id":7374,"date":"2020-08-29T21:16:58","date_gmt":"2020-08-30T01:16:58","guid":{"rendered":"https:\/\/olrfamilycatechism.com\/nuestra-senora-de-rosario-catecismo-familiar\/"},"modified":"2026-04-01T10:55:54","modified_gmt":"2026-04-01T14:55:54","slug":"nuestra-senora-de-rosario-catecismo-familiar","status":"publish","type":"page","link":"https:\/\/olrfamilycatechism.com\/es\/","title":{"rendered":"Nuestra Se\u00f1ora de Rosario Catecismo Familiar-Menu"},"content":{"rendered":"<p><div class=\"fusion-fullwidth fullwidth-box fusion-builder-row-1 fusion-flex-container nonhundred-percent-fullwidth non-hundred-percent-height-scrolling\" style=\"--awb-border-radius-top-left:0px;--awb-border-radius-top-right:0px;--awb-border-radius-bottom-right:0px;--awb-border-radius-bottom-left:0px;--awb-padding-bottom:0px;--awb-margin-bottom:0px;--awb-background-color:#fffbf4;--awb-flex-wrap:wrap;\" ><div class=\"fusion-builder-row fusion-row fusion-flex-align-items-flex-start fusion-flex-content-wrap\" style=\"max-width:1248px;margin-left: calc(-4% \/ 2 );margin-right: calc(-4% \/ 2 );\"><div class=\"fusion-layout-column fusion_builder_column fusion-builder-column-0 fusion_builder_column_1_1 1_1 fusion-flex-column\" style=\"--awb-padding-top:3.5%;--awb-padding-right:10%;--awb-padding-left:10%;--awb-bg-size:cover;--awb-width-large:100%;--awb-margin-top-large:0px;--awb-spacing-right-large:1.92%;--awb-margin-bottom-large:20px;--awb-spacing-left-large:1.92%;--awb-width-medium:100%;--awb-order-medium:0;--awb-spacing-right-medium:1.92%;--awb-spacing-left-medium:1.92%;--awb-width-small:100%;--awb-order-small:0;--awb-spacing-right-small:1.92%;--awb-spacing-left-small:1.92%;\"><div class=\"fusion-column-wrapper fusion-column-has-shadow fusion-flex-justify-content-flex-start fusion-content-layout-column\"><div class=\"fusion-text fusion-text-1\"><\/div><div class=\"fusion-image-element fusion-no-small-visibility\" style=\"text-align:center;--awb-margin-top:2%;--awb-margin-left:5%;--awb-caption-title-font-family:var(--h2_typography-font-family);--awb-caption-title-font-weight:var(--h2_typography-font-weight);--awb-caption-title-font-style:var(--h2_typography-font-style);--awb-caption-title-size:var(--h2_typography-font-size);--awb-caption-title-transform:var(--h2_typography-text-transform);--awb-caption-title-line-height:var(--h2_typography-line-height);--awb-caption-title-letter-spacing:var(--h2_typography-letter-spacing);\"><span class=\" fusion-imageframe imageframe-none imageframe-1 hover-type-none\" style=\"border:10px solid rgba(226,226,226,0);\"><img decoding=\"async\" width=\"51275\" height=\"3293\" title=\"Bienvenidos baner\" src=\"https:\/\/olrfamilycatechism.com\/wp-content\/uploads\/2025\/10\/Bienvenidos-baner-3.png\" alt class=\"img-responsive wp-image-8328\"\/><\/span><\/div><div class=\"fusion-text fusion-text-2\"><h4 style=\"text-align: center; color: #630000; --fontsize: 28; line-height: 1.36;\"><span style=\"font-size: 20px; font-family: Alegreya; font-weight: 400; letter-spacing: 0px;\" data-fusion-font=\"true\" data-fusion-google-font=\"Alegreya\" data-fusion-google-variant=\"400\">Una oportunidad \u00fanica para que los ni\u00f1os y sus familias aprendan las verdades eternas de la Fe Cat\u00f3lica seg\u00fan el cl\u00e1sico Catecismo de Baltimore.<\/span><\/h4>\n<\/div><\/div><\/div><\/div><\/div><div class=\"fusion-fullwidth fullwidth-box fusion-builder-row-2 fusion-flex-container nonhundred-percent-fullwidth non-hundred-percent-height-scrolling\" style=\"--awb-border-radius-top-left:0px;--awb-border-radius-top-right:0px;--awb-border-radius-bottom-right:0px;--awb-border-radius-bottom-left:0px;--awb-padding-top:0%;--awb-padding-bottom:0%;--awb-margin-top:0px;--awb-margin-bottom:0px;--awb-background-color:#fffbf4;--awb-flex-wrap:wrap;\" ><div class=\"fusion-builder-row fusion-row fusion-flex-align-items-center fusion-flex-justify-content-center fusion-flex-content-wrap\" style=\"max-width:1248px;margin-left: calc(-4% \/ 2 );margin-right: calc(-4% \/ 2 );\"><div class=\"fusion-layout-column fusion_builder_column fusion-builder-column-1 fusion_builder_column_1_1 1_1 fusion-flex-column fusion-flex-align-self-center\" style=\"--awb-padding-right:10%;--awb-padding-left:10%;--awb-bg-size:cover;--awb-width-large:100%;--awb-margin-top-large:0px;--awb-spacing-right-large:1.92%;--awb-margin-bottom-large:20px;--awb-spacing-left-large:1.92%;--awb-width-medium:100%;--awb-order-medium:0;--awb-spacing-right-medium:1.92%;--awb-spacing-left-medium:1.92%;--awb-width-small:100%;--awb-order-small:0;--awb-spacing-right-small:1.92%;--awb-spacing-left-small:1.92%;\"><div class=\"fusion-column-wrapper fusion-column-has-shadow fusion-flex-justify-content-flex-start fusion-content-layout-column\"><div class=\"fusion-text fusion-text-3\"><p style=\"text-align: center; color: #630000;\"><span style=\"color: color: #630000; font-family: var(--body_typography-font-family); font-size: 17px; font-style: var(--body_typography-font-style,normal); font-weight: var(--body_typography-font-weight); letter-spacing: var(--body_typography-letter-spacing);\" data-fusion-font=\"true\">Bas\u00e1ndose en el mensaje de Nuestra Sant\u00edsima Madre y siguiendo el ejemplo de los tres ni\u00f1os de F\u00e1tima, el Catecismo Familiar de Nuestra Se\u00f1ora del Rosario ha sido creado para que toda la familia profundice en su conocimiento y amor por nuestra fe cat\u00f3lica. Todos los ni\u00f1os, tanto peque\u00f1os como mayores, as\u00ed como los adultos, est\u00e1n invitados a participar en el curso. <\/span><span style=\"color: color: #630000; font-family: var(--body_typography-font-family); font-size: 17px; font-style: var(--body_typography-font-style,normal); font-weight: var(--body_typography-font-weight); letter-spacing: var(--body_typography-letter-spacing);\">Esta es verdaderamente una cruzada para aprender a fondo los aspectos esenciales de la fe cat\u00f3lica y est\u00e1 disponible de forma gratuita.<\/span><\/p>\n<\/div><\/div><\/div><\/div><\/div><div class=\"fusion-fullwidth fullwidth-box fusion-builder-row-3 fusion-flex-container nonhundred-percent-fullwidth non-hundred-percent-height-scrolling\" style=\"--awb-border-radius-top-left:0px;--awb-border-radius-top-right:0px;--awb-border-radius-bottom-right:0px;--awb-border-radius-bottom-left:0px;--awb-padding-bottom:0px;--awb-margin-bottom:0px;--awb-background-color:#fffbf4;--awb-flex-wrap:wrap;\" ><div class=\"fusion-builder-row fusion-row fusion-flex-align-items-flex-start fusion-flex-content-wrap\" style=\"max-width:1248px;margin-left: calc(-4% \/ 2 );margin-right: calc(-4% \/ 2 );\"><div class=\"fusion-layout-column fusion_builder_column fusion-builder-column-2 fusion_builder_column_1_1 1_1 fusion-flex-column fusion-flex-align-self-center\" style=\"--awb-bg-size:cover;--awb-width-large:100%;--awb-margin-top-large:0px;--awb-spacing-right-large:24%;--awb-margin-bottom-large:7%;--awb-spacing-left-large:24%;--awb-width-medium:100%;--awb-order-medium:0;--awb-spacing-right-medium:4.8%;--awb-spacing-left-medium:4.8%;--awb-width-small:100%;--awb-order-small:0;--awb-spacing-right-small:1.92%;--awb-spacing-left-small:1.92%;\"><div class=\"fusion-column-wrapper fusion-column-has-shadow fusion-flex-justify-content-flex-start fusion-content-layout-column\"><div class=\"fusion-separator fusion-full-width-sep\" style=\"align-self: center;margin-left: auto;margin-right: auto;width:100%;\"><\/div><div style=\"text-align:center;\"><a class=\"fusion-button button-flat button-xlarge button-custom fusion-button-default button-1 fusion-button-default-span fusion-button-default-type fusion-has-button-gradient\" style=\"--awb-margin-top:6%;--button_accent_color:#ffffff;--button_accent_hover_color:#ffffff;--button_border_hover_color:#591515;--button_border_width-top:0px;--button_border_width-right:0px;--button_border_width-bottom:0px;--button_border_width-left:0px;--button-border-radius-top-left:6px;--button-border-radius-top-right:6px;--button-border-radius-bottom-right:6px;--button-border-radius-bottom-left:6px;--button_gradient_top_color:#912121;--button_gradient_bottom_color:#9e4242;--button_gradient_top_color_hover:#b55656;--button_gradient_bottom_color_hover:#d16464;--button_text_transform:uppercase;\" target=\"_blank\" rel=\"noopener noreferrer\" href=\"https:\/\/olrfamilycatechism.com\/es\/registro-nsrcf\/\"><span class=\"fusion-button-text awb-button__text awb-button__text--default\">\u00a1Empieza el curso hoy!<\/span><\/a><\/div><div style=\"text-align:center;\"><a class=\"fusion-button button-flat button-xlarge button-custom fusion-button-default button-2 fusion-button-default-span fusion-button-default-type fusion-has-button-gradient\" style=\"--awb-margin-top:6%;--button_accent_color:#ffffff;--button_accent_hover_color:#ffffff;--button_border_hover_color:#591515;--button_border_width-top:0px;--button_border_width-right:0px;--button_border_width-bottom:0px;--button_border_width-left:0px;--button-border-radius-top-left:6px;--button-border-radius-top-right:6px;--button-border-radius-bottom-right:6px;--button-border-radius-bottom-left:6px;--button_gradient_top_color:#912121;--button_gradient_bottom_color:#9e4242;--button_gradient_top_color_hover:#b55656;--button_gradient_bottom_color_hover:#d16464;--button_text_transform:uppercase;\" target=\"_blank\" rel=\"noopener noreferrer\" href=\"https:\/\/olrfamilycatechism.com\/wp-content\/uploads\/2026\/02\/NSRCF-flyer-02.png\"><span class=\"fusion-button-text awb-button__text awb-button__text--default\">DIFUNDE EL MENSAJE<\/span><\/a><\/div><\/div><\/div><\/div><\/div><div class=\"fusion-fullwidth fullwidth-box fusion-builder-row-4 fusion-flex-container nonhundred-percent-fullwidth non-hundred-percent-height-scrolling\" style=\"--awb-background-position:right center;--awb-border-radius-top-left:0px;--awb-border-radius-top-right:0px;--awb-border-radius-bottom-right:0px;--awb-border-radius-bottom-left:0px;--awb-padding-top:10px;--awb-padding-right:141px;--awb-padding-bottom:0px;--awb-padding-left:119px;--awb-padding-top-medium:10px;--awb-margin-top:0px;--awb-margin-bottom:0px;--awb-flex-wrap:wrap;\" ><div class=\"fusion-builder-row fusion-row fusion-flex-align-items-center fusion-flex-justify-content-center fusion-flex-content-wrap\" style=\"max-width:1248px;margin-left: calc(-4% \/ 2 );margin-right: calc(-4% \/ 2 );\"><div class=\"fusion-layout-column fusion_builder_column fusion-builder-column-3 fusion_builder_column_1_1 1_1 fusion-flex-column fusion-column-inner-bg-wrapper\" style=\"--awb-inner-bg-size:cover;--awb-width-large:100%;--awb-margin-top-large:3.5%;--awb-spacing-right-large:6.72%;--awb-margin-bottom-large:4.5%;--awb-spacing-left-large:6.72%;--awb-width-medium:100%;--awb-order-medium:0;--awb-spacing-right-medium:6.72%;--awb-spacing-left-medium:6.72%;--awb-width-small:100%;--awb-order-small:0;--awb-spacing-right-small:1.92%;--awb-spacing-left-small:1.92%;\"><span class=\"fusion-column-inner-bg hover-type-none\"><a class=\"fusion-column-anchor\" href=\"https:\/\/olrfamilycatechism.com\/wp-content\/uploads\/2025\/11\/Carta-Pr.-Eladio.pdf\"><span class=\"fusion-column-inner-bg-image\"><\/span><\/a><\/span><div class=\"fusion-column-wrapper fusion-column-has-shadow fusion-flex-justify-content-flex-start fusion-content-layout-column\"><div class=\"fusion-image-element \" style=\"--awb-caption-title-font-family:var(--h2_typography-font-family);--awb-caption-title-font-weight:var(--h2_typography-font-weight);--awb-caption-title-font-style:var(--h2_typography-font-style);--awb-caption-title-size:var(--h2_typography-font-size);--awb-caption-title-transform:var(--h2_typography-text-transform);--awb-caption-title-line-height:var(--h2_typography-line-height);--awb-caption-title-letter-spacing:var(--h2_typography-letter-spacing);\"><span class=\" fusion-imageframe imageframe-none imageframe-2 hover-type-none\"><a href=\"https:\/\/olrfamilycatechism.com\/wp-content\/uploads\/2025\/11\/Foto-Pr.-Eladio-1025x771.png\" class=\"fusion-lightbox\" data-rel=\"iLightbox[e8c8715115fec5c946d]\" data-title=\"Foto Pr. Eladio\" title=\"Foto Pr. Eladio\"><img decoding=\"async\" width=\"1025\" height=\"771\" src=\"https:\/\/olrfamilycatechism.com\/wp-content\/uploads\/2025\/11\/Foto-Pr.-Eladio-1025x771.png\" alt class=\"img-responsive wp-image-8388\" srcset=\"https:\/\/olrfamilycatechism.com\/wp-content\/uploads\/2025\/11\/Foto-Pr.-Eladio-200x150.png 200w, https:\/\/olrfamilycatechism.com\/wp-content\/uploads\/2025\/11\/Foto-Pr.-Eladio-400x301.png 400w, https:\/\/olrfamilycatechism.com\/wp-content\/uploads\/2025\/11\/Foto-Pr.-Eladio-600x451.png 600w, https:\/\/olrfamilycatechism.com\/wp-content\/uploads\/2025\/11\/Foto-Pr.-Eladio-800x602.png 800w, https:\/\/olrfamilycatechism.com\/wp-content\/uploads\/2025\/11\/Foto-Pr.-Eladio-1200x902.png 1200w\" sizes=\"(max-width: 640px) 100vw, 1200px\" \/><\/a><\/span><\/div><div style=\"text-align:center;\"><a class=\"fusion-button button-flat button-xlarge button-custom fusion-button-default button-3 fusion-button-default-span fusion-button-default-type fusion-has-button-gradient\" style=\"--button_accent_color:#ffffff;--button_border_color:rgba(99,7,7,0.6);--button_accent_hover_color:#ffffff;--button_border_hover_color:#591515;--button-border-radius-top-left:6px;--button-border-radius-top-right:6px;--button-border-radius-bottom-right:6px;--button-border-radius-bottom-left:6px;--button_gradient_top_color:#912121;--button_gradient_bottom_color:#9e4242;--button_gradient_top_color_hover:#b55656;--button_gradient_bottom_color_hover:#d16464;--button_text_transform:uppercase;--button_typography-font-family:&quot;Baskervville&quot;;--button_typography-font-style:normal;--button_typography-font-weight:400;\" target=\"_self\" href=\"https:\/\/olrfamilycatechism.com\/wp-content\/uploads\/2025\/11\/Carta-Pr.-Eladio.pdf\"><span class=\"fusion-button-text awb-button__text awb-button__text--default\">Carta del Pbro. Eladio Alfonso Solano<\/span><\/a><\/div><\/div><\/div><\/div><\/div><div class=\"fusion-fullwidth fullwidth-box fusion-builder-row-5 fusion-flex-container has-pattern-background has-mask-background fusion-parallax-none nonhundred-percent-fullwidth non-hundred-percent-height-scrolling\" style=\"--awb-border-radius-top-left:0px;--awb-border-radius-top-right:0px;--awb-border-radius-bottom-right:0px;--awb-border-radius-bottom-left:0px;--awb-padding-bottom:30%;--awb-background-image:url(&quot;https:\/\/olrfamilycatechism.com\/wp-content\/uploads\/2024\/08\/Banner-for-OLRFC-website.jpg&quot;);--awb-background-size:cover;--awb-flex-wrap:wrap;\" ><div class=\"fusion-builder-row fusion-row fusion-flex-align-items-flex-start fusion-flex-content-wrap\" style=\"max-width:1248px;margin-left: calc(-4% \/ 2 );margin-right: calc(-4% \/ 2 );\"><div class=\"fusion-layout-column fusion_builder_column fusion-builder-column-4 fusion_builder_column_1_1 1_1 fusion-flex-column\" style=\"--awb-bg-size:cover;--awb-width-large:100%;--awb-margin-top-large:0px;--awb-spacing-right-large:24%;--awb-margin-bottom-large:20px;--awb-spacing-left-large:24%;--awb-width-medium:100%;--awb-order-medium:0;--awb-spacing-right-medium:24%;--awb-spacing-left-medium:24%;--awb-width-small:100%;--awb-order-small:0;--awb-spacing-right-small:1.92%;--awb-spacing-left-small:1.92%;\"><div class=\"fusion-column-wrapper fusion-column-has-shadow fusion-flex-justify-content-flex-start fusion-content-layout-column\"><div style=\"text-align:center;\"><a class=\"fusion-button button-flat button-xlarge button-custom fusion-button-default button-4 fusion-button-default-span fusion-button-default-type fusion-has-button-gradient\" style=\"--awb-margin-top:20%;--button_accent_color:#ffffff;--button_accent_hover_color:#ffffff;--button_border_hover_color:#591515;--button_border_width-top:0px;--button_border_width-right:0px;--button_border_width-bottom:0px;--button_border_width-left:0px;--button-border-radius-top-left:6px;--button-border-radius-top-right:6px;--button-border-radius-bottom-right:6px;--button-border-radius-bottom-left:6px;--button_gradient_top_color:#912121;--button_gradient_bottom_color:#9e4242;--button_gradient_top_color_hover:#b55656;--button_gradient_bottom_color_hover:#d16464;--button_text_transform:uppercase;\" target=\"_blank\" rel=\"noopener noreferrer\" href=\"https:\/\/reginangelorumpress.com\/\"><span class=\"fusion-button-text awb-button__text awb-button__text--default\">Visita Regina Angelorum Institute<\/span><\/a><\/div><\/div><\/div><\/div><\/div><div class=\"fusion-fullwidth fullwidth-box fusion-builder-row-6 fusion-flex-container nonhundred-percent-fullwidth non-hundred-percent-height-scrolling\" style=\"--awb-border-radius-top-left:0px;--awb-border-radius-top-right:0px;--awb-border-radius-bottom-right:0px;--awb-border-radius-bottom-left:0px;--awb-padding-top:19px;--awb-margin-top:0px;--awb-background-color:#fff6e5;--awb-flex-wrap:wrap;\" ><div class=\"fusion-builder-row fusion-row fusion-flex-align-items-flex-start fusion-flex-content-wrap\" style=\"max-width:1248px;margin-left: calc(-4% \/ 2 );margin-right: calc(-4% \/ 2 );\"><div class=\"fusion-layout-column fusion_builder_column fusion-builder-column-5 fusion_builder_column_1_1 1_1 fusion-flex-column\" style=\"--awb-padding-top:3.5%;--awb-padding-bottom:3%;--awb-bg-size:cover;--awb-width-large:100%;--awb-margin-top-large:0px;--awb-spacing-right-large:1.92%;--awb-margin-bottom-large:0px;--awb-spacing-left-large:1.92%;--awb-width-medium:100%;--awb-order-medium:0;--awb-spacing-right-medium:1.92%;--awb-spacing-left-medium:1.92%;--awb-width-small:100%;--awb-order-small:0;--awb-spacing-right-small:1.92%;--awb-spacing-left-small:1.92%;\"><div class=\"fusion-column-wrapper fusion-column-has-shadow fusion-flex-justify-content-flex-start fusion-content-layout-column\"><div class=\"fusion-image-element \" style=\"text-align:center;--awb-caption-title-font-family:var(--h2_typography-font-family);--awb-caption-title-font-weight:var(--h2_typography-font-weight);--awb-caption-title-font-style:var(--h2_typography-font-style);--awb-caption-title-size:var(--h2_typography-font-size);--awb-caption-title-transform:var(--h2_typography-text-transform);--awb-caption-title-line-height:var(--h2_typography-line-height);--awb-caption-title-letter-spacing:var(--h2_typography-letter-spacing);\"><span class=\" fusion-imageframe imageframe-none imageframe-3 hover-type-none\"><a class=\"fusion-no-lightbox\" href=\"https:\/\/reginangelorumpress.com\/\" target=\"_blank\" aria-label=\"RAI Logo\" rel=\"noopener noreferrer\"><img decoding=\"async\" width=\"150\" height=\"150\" src=\"https:\/\/olrfamilycatechism.com\/wp-content\/uploads\/2026\/04\/RAI-Logo-1-150x150.png\" alt class=\"img-responsive wp-image-8642\" srcset=\"https:\/\/olrfamilycatechism.com\/wp-content\/uploads\/2026\/04\/RAI-Logo-1-66x66.png 66w, https:\/\/olrfamilycatechism.com\/wp-content\/uploads\/2026\/04\/RAI-Logo-1-150x150.png 150w\" sizes=\"(max-width: 150px) 100vw, 150px\" \/><\/a><\/span><\/div><\/div><\/div><\/div><\/div><\/p>\n","protected":false},"excerpt":{"rendered":"","protected":false},"author":2,"featured_media":0,"parent":0,"menu_order":0,"comment_status":"closed","ping_status":"closed","template":"100-width.php","meta":{"give_campaign_id":0,"footnotes":""},"class_list":["post-7374","page","type-page","status-publish","hentry"],"campaignId":"","_links":{"self":[{"href":"https:\/\/olrfamilycatechism.com\/es\/wp-json\/wp\/v2\/pages\/7374","targetHints":{"allow":["GET"]}}],"collection":[{"href":"https:\/\/olrfamilycatechism.com\/es\/wp-json\/wp\/v2\/pages"}],"about":[{"href":"https:\/\/olrfamilycatechism.com\/es\/wp-json\/wp\/v2\/types\/page"}],"author":[{"embeddable":true,"href":"https:\/\/olrfamilycatechism.com\/es\/wp-json\/wp\/v2\/users\/2"}],"replies":[{"embeddable":true,"href":"https:\/\/olrfamilycatechism.com\/es\/wp-json\/wp\/v2\/comments?post=7374"}],"version-history":[{"count":0,"href":"https:\/\/olrfamilycatechism.com\/es\/wp-json\/wp\/v2\/pages\/7374\/revisions"}],"wp:attachment":[{"href":"https:\/\/olrfamilycatechism.com\/es\/wp-json\/wp\/v2\/media?parent=7374"}],"curies":[{"name":"wp","href":"https:\/\/api.w.org\/{rel}","templated":true}]}}