{"id":7383,"date":"2020-10-01T10:32:49","date_gmt":"2020-10-01T14:32:49","guid":{"rendered":"https:\/\/olrfamilycatechism.com\/legal-2\/"},"modified":"2026-02-05T21:07:01","modified_gmt":"2026-02-06T02:07:01","slug":"legal-2","status":"publish","type":"page","link":"https:\/\/olrfamilycatechism.com\/es\/legal-2\/","title":{"rendered":"Legal"},"content":{"rendered":"<p><div class=\"fusion-fullwidth fullwidth-box fusion-builder-row-1 fusion-flex-container nonhundred-percent-fullwidth non-hundred-percent-height-scrolling\" style=\"--awb-background-position:left top;--awb-border-sizes-top:0px;--awb-border-sizes-bottom:0px;--awb-border-sizes-left:0px;--awb-border-sizes-right:0px;--awb-border-radius-top-left:0px;--awb-border-radius-top-right:0px;--awb-border-radius-bottom-right:0px;--awb-border-radius-bottom-left:0px;--awb-padding-top:0px;--awb-padding-bottom:0px;--awb-margin-top:0px;--awb-flex-wrap:wrap;\" ><div class=\"fusion-builder-row fusion-row fusion-flex-align-items-flex-start fusion-flex-content-wrap\" style=\"max-width:calc( 1200px + 0px );margin-left: calc(-0px \/ 2 );margin-right: calc(-0px \/ 2 );\"><div class=\"fusion-layout-column fusion_builder_column fusion-builder-column-0 fusion_builder_column_1_1 1_1 fusion-flex-column fusion-flex-align-self-flex-start fusion-column-no-min-height\" style=\"--awb-bg-size:cover;--awb-width-large:100%;--awb-margin-top-large:0px;--awb-spacing-right-large:calc( 0.1 * calc( 100% - 0px ) );--awb-margin-bottom-large:0px;--awb-spacing-left-large:calc( 0.1 * calc( 100% - 0px ) );--awb-width-medium:100%;--awb-spacing-right-medium:calc( 0.1 * calc( 100% - 0px ) );--awb-spacing-left-medium:calc( 0.1 * calc( 100% - 0px ) );--awb-width-small:100%;--awb-spacing-right-small:0px;--awb-spacing-left-small:0px;\"><div class=\"fusion-column-wrapper fusion-flex-justify-content-flex-start fusion-content-layout-column\"><div class=\"fusion-title title fusion-title-1 fusion-sep-none fusion-title-center fusion-title-text fusion-title-size-two\" style=\"--awb-margin-top-small:10px;--awb-margin-right-small:0px;--awb-margin-bottom-small:10px;--awb-margin-left-small:0px;\"><h2 class=\"fusion-title-heading title-heading-center fusion-responsive-typography-calculated\" style=\"margin:0;--fontSize:40;line-height:1.2;\">legal<\/h2><\/div><div class=\"fusion-text fusion-text-1\"><p style=\"text-align: center;\">El uso y\/o la duplicaci\u00f3n no autorizados de este material sin el permiso expreso y por escrito del autor y\/o propietario de este sitio web est\u00e1n estrictamente prohibidos. <span style=\"background-color: rgba(255, 255, 255, 0); color: var(--body_typography-color); font-family: var(--body_typography-font-family); font-size: var(--body_typography-font-size); font-style: var(--body_typography-font-style,normal); font-weight: var(--body_typography-font-weight); letter-spacing: var(--body_typography-letter-spacing);\">Se pueden utilizar extractos y enlaces, siempre que se otorgue el debido y claro reconocimiento a Nuestra Se\u00f1ora del Rosario Catecismo Familiar\/Regina Angelorum Press, Inc., con la direcci\u00f3n adecuada y espec\u00edfica al contenido original. <\/span><span style=\"background-color: rgba(255, 255, 255, 0); color: var(--body_typography-color); font-family: var(--body_typography-font-family); font-size: var(--body_typography-font-size); font-style: var(--body_typography-font-style,normal); font-weight: var(--body_typography-font-weight); letter-spacing: var(--body_typography-letter-spacing);\">Creemos que se nos permite utilizar las im\u00e1genes que acompa\u00f1an este sitio web. Sin embargo, si el propietario no est\u00e1 de acuerdo, por favor, cont\u00e1ctenos y las retiraremos de inmediato. <\/span><\/p>\n<\/div><div class=\"fusion-separator fusion-full-width-sep\" style=\"align-self: center;margin-left: auto;margin-right: auto;margin-top:50px;width:100%;\"><\/div><\/div><\/div><\/div><\/div><div class=\"fusion-fullwidth fullwidth-box fusion-builder-row-2 fusion-flex-container nonhundred-percent-fullwidth non-hundred-percent-height-scrolling\" style=\"--awb-border-radius-top-left:0px;--awb-border-radius-top-right:0px;--awb-border-radius-bottom-right:0px;--awb-border-radius-bottom-left:0px;--awb-padding-top:19px;--awb-margin-top:0px;--awb-background-color:#fff6e5;--awb-flex-wrap:wrap;\" ><div class=\"fusion-builder-row fusion-row fusion-flex-align-items-flex-start fusion-flex-content-wrap\" style=\"max-width:1248px;margin-left: calc(-4% \/ 2 );margin-right: calc(-4% \/ 2 );\"><div class=\"fusion-layout-column fusion_builder_column fusion-builder-column-1 fusion_builder_column_1_1 1_1 fusion-flex-column\" style=\"--awb-padding-top:3.5%;--awb-padding-bottom:3%;--awb-bg-size:cover;--awb-width-large:100%;--awb-margin-top-large:0px;--awb-spacing-right-large:1.92%;--awb-margin-bottom-large:0px;--awb-spacing-left-large:1.92%;--awb-width-medium:100%;--awb-order-medium:0;--awb-spacing-right-medium:1.92%;--awb-spacing-left-medium:1.92%;--awb-width-small:100%;--awb-order-small:0;--awb-spacing-right-small:1.92%;--awb-spacing-left-small:1.92%;\"><div class=\"fusion-column-wrapper fusion-column-has-shadow fusion-flex-justify-content-flex-start fusion-content-layout-column\"><div class=\"fusion-image-element \" style=\"text-align:center;--awb-caption-title-font-family:var(--h2_typography-font-family);--awb-caption-title-font-weight:var(--h2_typography-font-weight);--awb-caption-title-font-style:var(--h2_typography-font-style);--awb-caption-title-size:var(--h2_typography-font-size);--awb-caption-title-transform:var(--h2_typography-text-transform);--awb-caption-title-line-height:var(--h2_typography-line-height);--awb-caption-title-letter-spacing:var(--h2_typography-letter-spacing);\"><span class=\" fusion-imageframe imageframe-none imageframe-1 hover-type-none\"><a class=\"fusion-no-lightbox\" href=\"https:\/\/reginangelorumpress.com\/\" target=\"_blank\" aria-label=\"ReginaAngelorumLOGO-01 Burgandy\" rel=\"noopener noreferrer\"><img decoding=\"async\" width=\"300\" height=\"243\" src=\"https:\/\/olrfamilycatechism.com\/wp-content\/uploads\/2024\/08\/ReginaAngelorumLOGO-01-Burgandy-300x243.png\" alt class=\"img-responsive wp-image-7322\" srcset=\"https:\/\/olrfamilycatechism.com\/wp-content\/uploads\/2024\/08\/ReginaAngelorumLOGO-01-Burgandy-200x162.png 200w, https:\/\/olrfamilycatechism.com\/wp-content\/uploads\/2024\/08\/ReginaAngelorumLOGO-01-Burgandy-400x324.png 400w, https:\/\/olrfamilycatechism.com\/wp-content\/uploads\/2024\/08\/ReginaAngelorumLOGO-01-Burgandy-600x486.png 600w, https:\/\/olrfamilycatechism.com\/wp-content\/uploads\/2024\/08\/ReginaAngelorumLOGO-01-Burgandy-800x647.png 800w, https:\/\/olrfamilycatechism.com\/wp-content\/uploads\/2024\/08\/ReginaAngelorumLOGO-01-Burgandy.png 1138w\" sizes=\"(max-width: 640px) 100vw, 300px\" \/><\/a><\/span><\/div><\/div><\/div><\/div><\/div><\/p>\n","protected":false},"excerpt":{"rendered":"","protected":false},"author":6,"featured_media":0,"parent":0,"menu_order":0,"comment_status":"closed","ping_status":"closed","template":"100-width.php","meta":{"give_campaign_id":0,"footnotes":""},"class_list":["post-7383","page","type-page","status-publish","hentry"],"campaignId":"","_links":{"self":[{"href":"https:\/\/olrfamilycatechism.com\/es\/wp-json\/wp\/v2\/pages\/7383","targetHints":{"allow":["GET"]}}],"collection":[{"href":"https:\/\/olrfamilycatechism.com\/es\/wp-json\/wp\/v2\/pages"}],"about":[{"href":"https:\/\/olrfamilycatechism.com\/es\/wp-json\/wp\/v2\/types\/page"}],"author":[{"embeddable":true,"href":"https:\/\/olrfamilycatechism.com\/es\/wp-json\/wp\/v2\/users\/6"}],"replies":[{"embeddable":true,"href":"https:\/\/olrfamilycatechism.com\/es\/wp-json\/wp\/v2\/comments?post=7383"}],"version-history":[{"count":0,"href":"https:\/\/olrfamilycatechism.com\/es\/wp-json\/wp\/v2\/pages\/7383\/revisions"}],"wp:attachment":[{"href":"https:\/\/olrfamilycatechism.com\/es\/wp-json\/wp\/v2\/media?parent=7383"}],"curies":[{"name":"wp","href":"https:\/\/api.w.org\/{rel}","templated":true}]}}