{"id":7385,"date":"2020-10-02T02:34:35","date_gmt":"2020-10-02T06:34:35","guid":{"rendered":"https:\/\/olrfamilycatechism.com\/pagina-de-usuario-registrado-de-la-cruzada-del-catecismo\/"},"modified":"2026-02-05T21:00:09","modified_gmt":"2026-02-06T02:00:09","slug":"pagina-de-usuario-registrado-de-la-cruzada-del-catecismo","status":"publish","type":"page","link":"https:\/\/olrfamilycatechism.com\/es\/pagina-de-usuario-registrado-de-la-cruzada-del-catecismo\/","title":{"rendered":"P\u00e1gina de Usuario Registrado de la Cruzada del Catecismo"},"content":{"rendered":"<p><div class=\"fusion-fullwidth fullwidth-box fusion-builder-row-1 fusion-flex-container nonhundred-percent-fullwidth non-hundred-percent-height-scrolling\" style=\"--awb-border-radius-top-left:0px;--awb-border-radius-top-right:0px;--awb-border-radius-bottom-right:0px;--awb-border-radius-bottom-left:0px;--awb-flex-wrap:wrap;\" ><div class=\"fusion-builder-row fusion-row fusion-flex-align-items-flex-start fusion-flex-content-wrap\" style=\"max-width:1248px;margin-left: calc(-4% \/ 2 );margin-right: calc(-4% \/ 2 );\"><div class=\"fusion-layout-column fusion_builder_column fusion-builder-column-0 fusion_builder_column_1_1 1_1 fusion-flex-column\" style=\"--awb-bg-size:cover;--awb-width-large:100%;--awb-margin-top-large:0px;--awb-spacing-right-large:1.92%;--awb-margin-bottom-large:0px;--awb-spacing-left-large:1.92%;--awb-width-medium:100%;--awb-spacing-right-medium:1.92%;--awb-spacing-left-medium:1.92%;--awb-width-small:100%;--awb-spacing-right-small:1.92%;--awb-spacing-left-small:1.92%;\"><div class=\"fusion-column-wrapper fusion-flex-justify-content-flex-start fusion-content-layout-column\"><div class=\"fusion-title title fusion-title-1 fusion-sep-none fusion-title-text fusion-title-size-two\" style=\"--awb-margin-top-small:10px;--awb-margin-right-small:0px;--awb-margin-bottom-small:10px;--awb-margin-left-small:0px;\"><h2 class=\"fusion-title-heading title-heading-left fusion-responsive-typography-calculated\" style=\"margin:0;--fontSize:40;line-height:1.2;\"><div style=\"text-align: center;\"><span style=\"color: var(--h2_typography-color); font-family: var(--h2_typography-font-family); font-size: var(--h2_typography-font-size); font-style: var(--h2_typography-font-style,normal); font-weight: var(--h2_typography-font-weight); letter-spacing: var(--h2_typography-letter-spacing); background-color: rgba(255, 255, 255, 0);\">Bienvenido a la Cruzada del Catecismo<\/span><\/div><\/h2><\/div><\/div><\/div><\/div><\/div><div class=\"fusion-fullwidth fullwidth-box fusion-builder-row-2 fusion-flex-container nonhundred-percent-fullwidth non-hundred-percent-height-scrolling\" style=\"--awb-border-radius-top-left:0px;--awb-border-radius-top-right:0px;--awb-border-radius-bottom-right:0px;--awb-border-radius-bottom-left:0px;--awb-flex-wrap:wrap;\" ><div class=\"fusion-builder-row fusion-row fusion-flex-align-items-flex-start fusion-flex-content-wrap\" style=\"max-width:1248px;margin-left: calc(-4% \/ 2 );margin-right: calc(-4% \/ 2 );\"><div class=\"fusion-layout-column fusion_builder_column fusion-builder-column-1 fusion_builder_column_1_2 1_2 fusion-flex-column\" style=\"--awb-bg-size:cover;--awb-width-large:50%;--awb-margin-top-large:0px;--awb-spacing-right-large:3.84%;--awb-margin-bottom-large:20px;--awb-spacing-left-large:3.84%;--awb-width-medium:50%;--awb-order-medium:0;--awb-spacing-right-medium:3.84%;--awb-spacing-left-medium:3.84%;--awb-width-small:100%;--awb-order-small:0;--awb-spacing-right-small:1.92%;--awb-spacing-left-small:1.92%;\"><div class=\"fusion-column-wrapper fusion-column-has-shadow fusion-flex-justify-content-flex-start fusion-content-layout-column\"><div class=\"fusion-image-element \" style=\"--awb-caption-title-font-family:var(--h2_typography-font-family);--awb-caption-title-font-weight:var(--h2_typography-font-weight);--awb-caption-title-font-style:var(--h2_typography-font-style);--awb-caption-title-size:var(--h2_typography-font-size);--awb-caption-title-transform:var(--h2_typography-text-transform);--awb-caption-title-line-height:var(--h2_typography-line-height);--awb-caption-title-letter-spacing:var(--h2_typography-letter-spacing);\"><span class=\" fusion-imageframe imageframe-none imageframe-1 hover-type-none\"><img decoding=\"async\" width=\"491\" height=\"1024\" title=\"Soldado\" src=\"https:\/\/olrfamilycatechism.com\/wp-content\/uploads\/2025\/11\/Soldado-491x1024.png\" alt class=\"img-responsive wp-image-8414\" srcset=\"https:\/\/olrfamilycatechism.com\/wp-content\/uploads\/2025\/11\/Soldado-200x417.png 200w, https:\/\/olrfamilycatechism.com\/wp-content\/uploads\/2025\/11\/Soldado-400x834.png 400w, https:\/\/olrfamilycatechism.com\/wp-content\/uploads\/2025\/11\/Soldado-600x1251.png 600w, https:\/\/olrfamilycatechism.com\/wp-content\/uploads\/2025\/11\/Soldado-800x1668.png 800w, https:\/\/olrfamilycatechism.com\/wp-content\/uploads\/2025\/11\/Soldado-1200x2501.png 1200w, https:\/\/olrfamilycatechism.com\/wp-content\/uploads\/2025\/11\/Soldado-scaled.png 1228w\" sizes=\"(max-width: 640px) 100vw, 600px\" \/><\/span><\/div><\/div><\/div><div class=\"fusion-layout-column fusion_builder_column fusion-builder-column-2 fusion_builder_column_1_2 1_2 fusion-flex-column\" style=\"--awb-bg-size:cover;--awb-width-large:50%;--awb-margin-top-large:0px;--awb-spacing-right-large:3.84%;--awb-margin-bottom-large:20px;--awb-spacing-left-large:3.84%;--awb-width-medium:50%;--awb-order-medium:0;--awb-spacing-right-medium:3.84%;--awb-spacing-left-medium:3.84%;--awb-width-small:100%;--awb-order-small:0;--awb-spacing-right-small:1.92%;--awb-spacing-left-small:1.92%;\"><div class=\"fusion-column-wrapper fusion-column-has-shadow fusion-flex-justify-content-flex-start fusion-content-layout-column\"><div class=\"fusion-text fusion-text-1\"><p>Ahora est\u00e1s registrado exitosamente para participar en el Catecismo Familiar de Nuestra Se\u00f1ora del Rosario.<\/p>\n<p>Puedes acceder a todo el contenido del curso en la p\u00e1gina de tu cuenta. Desde tu p\u00e1gina de cuenta, puedes seguir tu progreso a trav\u00e9s de los videos, agregar miembros de tu familia, llevar un registro de cu\u00e1ntas respuestas del Catecismo de Baltimore has memorizado con \u00e9xito y, lo m\u00e1s importante, comenzar a interiorizar las verdades de la Fe Cat\u00f3lica.<\/p>\n<p>Comenzamos nuestra cruzada del aprendizaje observando el importante y vital mensaje que Nuestra Se\u00f1ora dio en F\u00e1tima a los tres ni\u00f1os pastores. Estas primeras tres lecciones introductorias te brindan una preparaci\u00f3n esencial antes de embarcarte en esta gran cruzada de aprender todo el Catecismo de Baltimore.<\/p>\n<p>Puedes mantenerte al d\u00eda sobre cu\u00e1ndo se lanzar\u00e1 el pr\u00f3ximo video del curso consultando el calendario disponible en la p\u00e1gina principal.<\/p>\n<p>Que Nuestra Se\u00f1ora interceda por ti y que los Santos Francisco y Jacinta recen por ti durante todo este curso.<\/p>\n<\/div><\/div><\/div><div class=\"fusion-layout-column fusion_builder_column fusion-builder-column-3 fusion_builder_column_1_1 1_1 fusion-flex-column\" style=\"--awb-bg-size:cover;--awb-width-large:100%;--awb-margin-top-large:0px;--awb-spacing-right-large:1.92%;--awb-margin-bottom-large:20px;--awb-spacing-left-large:1.92%;--awb-width-medium:100%;--awb-order-medium:0;--awb-spacing-right-medium:1.92%;--awb-spacing-left-medium:1.92%;--awb-width-small:100%;--awb-order-small:0;--awb-spacing-right-small:1.92%;--awb-spacing-left-small:1.92%;\"><div class=\"fusion-column-wrapper fusion-column-has-shadow fusion-flex-justify-content-flex-start fusion-content-layout-column\"><div class=\"fusion-section-separator section-separator triangle fusion-section-separator-1\" style=\"--awb-border-top:1px solid #e2e2e2;--awb-spacer-height:1px;--awb-svg-margin-left:1.92%;--awb-svg-margin-right:1.92%;--awb-svg-margin-left-medium:1.92%;--awb-svg-margin-right-medium:1.92%;--awb-svg-margin-left-small:1.92%;--awb-svg-margin-right-small:1.92%;--awb-icon-color:#ffffff;\"><div class=\"fusion-section-separator-svg\"><div class=\"divider-candy-arrow top\" style=\"bottom:0px;border-bottom-color: #f9f9fb;\"><\/div><div class=\"divider-candy top\" style=\"top:-21px;border-bottom:1px solid #e2e2e2;border-left:1px solid #e2e2e2;\"><\/div><\/div><div class=\"fusion-section-separator-spacer\"><div class=\"fusion-section-separator-spacer-height\"><\/div><\/div><\/div><\/div><\/div><\/div><\/div><div class=\"fusion-fullwidth fullwidth-box fusion-builder-row-3 fusion-flex-container nonhundred-percent-fullwidth non-hundred-percent-height-scrolling\" style=\"--awb-border-radius-top-left:0px;--awb-border-radius-top-right:0px;--awb-border-radius-bottom-right:0px;--awb-border-radius-bottom-left:0px;--awb-flex-wrap:wrap;\" ><div class=\"fusion-builder-row fusion-row fusion-flex-align-items-flex-start fusion-flex-content-wrap\" style=\"max-width:1248px;margin-left: calc(-4% \/ 2 );margin-right: calc(-4% \/ 2 );\"><div class=\"fusion-layout-column fusion_builder_column fusion-builder-column-4 fusion_builder_column_1_1 1_1 fusion-flex-column\" style=\"--awb-bg-size:cover;--awb-width-large:100%;--awb-margin-top-large:0px;--awb-spacing-right-large:1.92%;--awb-margin-bottom-large:20px;--awb-spacing-left-large:1.92%;--awb-width-medium:100%;--awb-order-medium:0;--awb-spacing-right-medium:1.92%;--awb-spacing-left-medium:1.92%;--awb-width-small:100%;--awb-order-small:0;--awb-spacing-right-small:1.92%;--awb-spacing-left-small:1.92%;\"><div class=\"fusion-column-wrapper fusion-column-has-shadow fusion-flex-justify-content-flex-start fusion-content-layout-column\"><\/div><\/div><\/div><\/div><div class=\"fusion-fullwidth fullwidth-box fusion-builder-row-4 fusion-flex-container nonhundred-percent-fullwidth non-hundred-percent-height-scrolling\" style=\"--awb-border-radius-top-left:0px;--awb-border-radius-top-right:0px;--awb-border-radius-bottom-right:0px;--awb-border-radius-bottom-left:0px;--awb-padding-top:19px;--awb-margin-top:0px;--awb-background-color:#fff6e5;--awb-flex-wrap:wrap;\" ><div class=\"fusion-builder-row fusion-row fusion-flex-align-items-flex-start fusion-flex-content-wrap\" style=\"max-width:1248px;margin-left: calc(-4% \/ 2 );margin-right: calc(-4% \/ 2 );\"><div class=\"fusion-layout-column fusion_builder_column fusion-builder-column-5 fusion_builder_column_1_1 1_1 fusion-flex-column\" style=\"--awb-padding-top:3.5%;--awb-padding-bottom:3%;--awb-bg-size:cover;--awb-width-large:100%;--awb-margin-top-large:0px;--awb-spacing-right-large:1.92%;--awb-margin-bottom-large:0px;--awb-spacing-left-large:1.92%;--awb-width-medium:100%;--awb-order-medium:0;--awb-spacing-right-medium:1.92%;--awb-spacing-left-medium:1.92%;--awb-width-small:100%;--awb-order-small:0;--awb-spacing-right-small:1.92%;--awb-spacing-left-small:1.92%;\"><div class=\"fusion-column-wrapper fusion-column-has-shadow fusion-flex-justify-content-flex-start fusion-content-layout-column\"><div class=\"fusion-image-element \" style=\"text-align:center;--awb-caption-title-font-family:var(--h2_typography-font-family);--awb-caption-title-font-weight:var(--h2_typography-font-weight);--awb-caption-title-font-style:var(--h2_typography-font-style);--awb-caption-title-size:var(--h2_typography-font-size);--awb-caption-title-transform:var(--h2_typography-text-transform);--awb-caption-title-line-height:var(--h2_typography-line-height);--awb-caption-title-letter-spacing:var(--h2_typography-letter-spacing);\"><span class=\" fusion-imageframe imageframe-none imageframe-2 hover-type-none\"><a class=\"fusion-no-lightbox\" href=\"https:\/\/reginangelorumpress.com\/\" target=\"_blank\" aria-label=\"ReginaAngelorumLOGO-01 Burgandy\" rel=\"noopener noreferrer\"><img decoding=\"async\" width=\"300\" height=\"243\" src=\"https:\/\/olrfamilycatechism.com\/wp-content\/uploads\/2024\/08\/ReginaAngelorumLOGO-01-Burgandy-300x243.png\" alt class=\"img-responsive wp-image-7322\" srcset=\"https:\/\/olrfamilycatechism.com\/wp-content\/uploads\/2024\/08\/ReginaAngelorumLOGO-01-Burgandy-200x162.png 200w, https:\/\/olrfamilycatechism.com\/wp-content\/uploads\/2024\/08\/ReginaAngelorumLOGO-01-Burgandy-400x324.png 400w, https:\/\/olrfamilycatechism.com\/wp-content\/uploads\/2024\/08\/ReginaAngelorumLOGO-01-Burgandy-600x486.png 600w, https:\/\/olrfamilycatechism.com\/wp-content\/uploads\/2024\/08\/ReginaAngelorumLOGO-01-Burgandy-800x647.png 800w, https:\/\/olrfamilycatechism.com\/wp-content\/uploads\/2024\/08\/ReginaAngelorumLOGO-01-Burgandy.png 1138w\" sizes=\"(max-width: 640px) 100vw, 300px\" \/><\/a><\/span><\/div><\/div><\/div><\/div><\/div><\/p>\n","protected":false},"excerpt":{"rendered":"","protected":false},"author":2,"featured_media":0,"parent":0,"menu_order":0,"comment_status":"closed","ping_status":"closed","template":"100-width.php","meta":{"give_campaign_id":0,"footnotes":""},"class_list":["post-7385","page","type-page","status-publish","hentry"],"campaignId":"","_links":{"self":[{"href":"https:\/\/olrfamilycatechism.com\/es\/wp-json\/wp\/v2\/pages\/7385","targetHints":{"allow":["GET"]}}],"collection":[{"href":"https:\/\/olrfamilycatechism.com\/es\/wp-json\/wp\/v2\/pages"}],"about":[{"href":"https:\/\/olrfamilycatechism.com\/es\/wp-json\/wp\/v2\/types\/page"}],"author":[{"embeddable":true,"href":"https:\/\/olrfamilycatechism.com\/es\/wp-json\/wp\/v2\/users\/2"}],"replies":[{"embeddable":true,"href":"https:\/\/olrfamilycatechism.com\/es\/wp-json\/wp\/v2\/comments?post=7385"}],"version-history":[{"count":0,"href":"https:\/\/olrfamilycatechism.com\/es\/wp-json\/wp\/v2\/pages\/7385\/revisions"}],"wp:attachment":[{"href":"https:\/\/olrfamilycatechism.com\/es\/wp-json\/wp\/v2\/media?parent=7385"}],"curies":[{"name":"wp","href":"https:\/\/api.w.org\/{rel}","templated":true}]}}