{"id":7387,"date":"2021-10-06T14:41:17","date_gmt":"2021-10-06T18:41:17","guid":{"rendered":"https:\/\/olrfamilycatechism.com\/el-equipo\/"},"modified":"2026-04-01T10:39:54","modified_gmt":"2026-04-01T14:39:54","slug":"el-equipo","status":"publish","type":"page","link":"https:\/\/olrfamilycatechism.com\/es\/el-equipo\/","title":{"rendered":"El equipo"},"content":{"rendered":"<p><div class=\"fusion-fullwidth fullwidth-box fusion-builder-row-1 fusion-flex-container nonhundred-percent-fullwidth non-hundred-percent-height-scrolling\" style=\"--awb-background-position:left top;--awb-border-sizes-top:0px;--awb-border-sizes-bottom:0px;--awb-border-sizes-left:0px;--awb-border-sizes-right:0px;--awb-border-radius-top-left:0px;--awb-border-radius-top-right:0px;--awb-border-radius-bottom-right:0px;--awb-border-radius-bottom-left:0px;--awb-padding-top:0%;--awb-padding-bottom:20px;--awb-margin-bottom:0px;--awb-flex-wrap:wrap;\" ><div class=\"fusion-builder-row fusion-row fusion-flex-align-items-flex-start fusion-flex-content-wrap\" style=\"max-width:calc( 1200px + 0px );margin-left: calc(-0px \/ 2 );margin-right: calc(-0px \/ 2 );\"><div class=\"fusion-layout-column fusion_builder_column fusion-builder-column-0 fusion_builder_column_1_1 1_1 fusion-flex-column fusion-flex-align-self-flex-start fusion-column-no-min-height\" style=\"--awb-bg-size:cover;--awb-width-large:100%;--awb-margin-top-large:0px;--awb-spacing-right-large:0px;--awb-margin-bottom-large:0px;--awb-spacing-left-large:0px;--awb-width-medium:100%;--awb-spacing-right-medium:0px;--awb-spacing-left-medium:0px;--awb-width-small:100%;--awb-spacing-right-small:0px;--awb-spacing-left-small:0px;\"><div class=\"fusion-column-wrapper fusion-flex-justify-content-flex-start fusion-content-layout-column\"><div class=\"fusion-title title fusion-title-1 fusion-sep-none fusion-title-center fusion-title-text fusion-title-size-two\" style=\"--awb-margin-top-small:10px;--awb-margin-right-small:0px;--awb-margin-bottom-small:10px;--awb-margin-left-small:0px;\"><h2 class=\"fusion-title-heading title-heading-center fusion-responsive-typography-calculated\" style=\"margin:0;--fontSize:40;line-height:1.2;\">CONOCE AL EQUIPO<\/h2><\/div><\/div><\/div><\/div><\/div><div class=\"fusion-fullwidth fullwidth-box fusion-builder-row-2 fusion-flex-container nonhundred-percent-fullwidth non-hundred-percent-height-scrolling\" style=\"--awb-border-radius-top-left:0px;--awb-border-radius-top-right:0px;--awb-border-radius-bottom-right:0px;--awb-border-radius-bottom-left:0px;--awb-padding-right:0px;--awb-padding-bottom:8%;--awb-padding-left:0px;--awb-margin-bottom:0px;--awb-flex-wrap:wrap;\" ><div class=\"fusion-builder-row fusion-row fusion-flex-align-items-flex-start fusion-flex-content-wrap\" style=\"max-width:1248px;margin-left: calc(-4% \/ 2 );margin-right: calc(-4% \/ 2 );\"><div class=\"fusion-layout-column fusion_builder_column fusion-builder-column-1 fusion_builder_column_1_3 1_3 fusion-flex-column\" style=\"--awb-padding-top:3%;--awb-padding-left:10%;--awb-bg-size:cover;--awb-width-large:33.333333333333%;--awb-margin-top-large:8%;--awb-spacing-right-large:8.64%;--awb-margin-bottom-large:0px;--awb-spacing-left-large:25.92%;--awb-width-medium:33.333333333333%;--awb-order-medium:0;--awb-spacing-right-medium:8.64%;--awb-spacing-left-medium:25.92%;--awb-width-small:100%;--awb-order-small:0;--awb-spacing-right-small:9.6%;--awb-spacing-left-small:1.92%;\"><div class=\"fusion-column-wrapper fusion-column-has-shadow fusion-flex-justify-content-flex-start fusion-content-layout-column\"><div class=\"fusion-image-element \" style=\"text-align:center;--awb-caption-title-font-family:var(--h2_typography-font-family);--awb-caption-title-font-weight:var(--h2_typography-font-weight);--awb-caption-title-font-style:var(--h2_typography-font-style);--awb-caption-title-size:var(--h2_typography-font-size);--awb-caption-title-transform:var(--h2_typography-text-transform);--awb-caption-title-line-height:var(--h2_typography-line-height);--awb-caption-title-letter-spacing:var(--h2_typography-letter-spacing);\"><span class=\" fusion-imageframe imageframe-none imageframe-1 hover-type-none\"><img decoding=\"async\" width=\"2560\" height=\"2519\" src=\"https:\/\/olrfamilycatechism.com\/wp-content\/uploads\/2021\/10\/New-Frp-scaled.jpg\" alt class=\"img-responsive wp-image-8508\" srcset=\"https:\/\/olrfamilycatechism.com\/wp-content\/uploads\/2021\/10\/New-Frp-200x197.jpg 200w, https:\/\/olrfamilycatechism.com\/wp-content\/uploads\/2021\/10\/New-Frp-400x394.jpg 400w, https:\/\/olrfamilycatechism.com\/wp-content\/uploads\/2021\/10\/New-Frp-600x590.jpg 600w, https:\/\/olrfamilycatechism.com\/wp-content\/uploads\/2021\/10\/New-Frp-800x787.jpg 800w, https:\/\/olrfamilycatechism.com\/wp-content\/uploads\/2021\/10\/New-Frp-1200x1181.jpg 1200w, https:\/\/olrfamilycatechism.com\/wp-content\/uploads\/2021\/10\/New-Frp-scaled.jpg 2560w\" sizes=\"(max-width: 640px) 100vw, 400px\" \/><\/span><\/div><\/div><\/div><div class=\"fusion-layout-column fusion_builder_column fusion-builder-column-2 fusion_builder_column_2_3 2_3 fusion-flex-column\" style=\"--awb-padding-top:3%;--awb-padding-right:17%;--awb-padding-left:3%;--awb-bg-size:cover;--awb-width-large:66.666666666667%;--awb-margin-top-large:0px;--awb-spacing-right-large:2.88%;--awb-margin-bottom-large:0px;--awb-spacing-left-large:0%;--awb-width-medium:66.666666666667%;--awb-order-medium:0;--awb-spacing-right-medium:2.88%;--awb-spacing-left-medium:0%;--awb-width-small:100%;--awb-order-small:0;--awb-spacing-right-small:1.92%;--awb-spacing-left-small:14.4%;\"><div class=\"fusion-column-wrapper fusion-column-has-shadow fusion-flex-justify-content-flex-start fusion-content-layout-column\"><div class=\"fusion-text fusion-text-1\" style=\"--awb-content-alignment:center;--awb-text-color:#ffffff;\"><div style=\"text-align: left;\"><font color=\"#7f0002\" face=\"Alegreya SC\"><span style=\"font-size: 33px; letter-spacing: 3px;\">P. ANTHONY PILLARI  <\/span><\/font><span style=\"font-size: 33px; color: rgb(127, 0, 44); font-family: 'Alegreya SC'; background-color: rgba(255, 255, 255, 0); font-style: var(--body_typography-font-style,normal); font-weight: var(--body_typography-font-weight); letter-spacing: var(--body_typography-letter-spacing);\" data-fusion-font=\"true\">JCL, MCL, STL, JD<\/span><\/div>\n<\/div><div class=\"fusion-text fusion-text-2\"><p style=\"text-align: justify;  \">P. Anthony Pillari es un sacerdote cat\u00f3lico romano que se desempe\u00f1a como Canciller y Capell\u00e1n en la St. Martin&#8217;s Academy en Fort Scott, Kansas. Posee t\u00edtulos en Filosof\u00eda de la Universidad de Notre Dame, Indiana; en Teolog\u00eda Sagrada del L\u2019Institut Catholique de Toulouse, Francia, y del L\u2019Institut Saint Thomas d\u2019Aquin. Es abogado can\u00f3nico y abogado civil.  <\/p>\n<p style=\"text-align: justify;  \">Actualmente est\u00e1 trabajando en un JCD en Derecho Can\u00f3nico en el Angelicum de Roma.<\/p>\n<p style=\"text-align: justify;  \"><span style=\"background-color: rgba(255, 255, 255, 0); color: var(--body_typography-color); font-family: var(--body_typography-font-family); font-size: var(--body_typography-font-size); font-style: var(--body_typography-font-style,normal); font-weight: var(--body_typography-font-weight); letter-spacing: var(--body_typography-letter-spacing);\">Ha estado involucrado en apostolados para ni\u00f1os y familias j\u00f3venes durante m\u00e1s de 20 a\u00f1os, incluyendo una variedad de apostolados de educaci\u00f3n en el hogar. El papel de P. Pillari en el Catecismo Familiar de Nuestra Se\u00f1ora del Rosario incluye la redacci\u00f3n, presentaci\u00f3n y supervisi\u00f3n del contenido del curso, de manera que transmita fielmente las verdades de la Fe Cat\u00f3lica.<\/span><\/p>\n<\/div><\/div><\/div><\/div><\/div><div class=\"fusion-fullwidth fullwidth-box fusion-builder-row-3 fusion-flex-container has-pattern-background has-mask-background nonhundred-percent-fullwidth non-hundred-percent-height-scrolling\" style=\"--awb-border-radius-top-left:0px;--awb-border-radius-top-right:0px;--awb-border-radius-bottom-right:0px;--awb-border-radius-bottom-left:0px;--awb-flex-wrap:wrap;\" ><div class=\"fusion-builder-row fusion-row fusion-flex-align-items-flex-start fusion-flex-content-wrap\" style=\"max-width:1248px;margin-left: calc(-4% \/ 2 );margin-right: calc(-4% \/ 2 );\"><\/div><\/div><div class=\"fusion-fullwidth fullwidth-box fusion-builder-row-4 fusion-flex-container nonhundred-percent-fullwidth non-hundred-percent-height-scrolling\" style=\"--awb-border-radius-top-left:0px;--awb-border-radius-top-right:0px;--awb-border-radius-bottom-right:0px;--awb-border-radius-bottom-left:0px;--awb-padding-right:0px;--awb-padding-bottom:0%;--awb-padding-left:0px;--awb-margin-bottom:0px;--awb-flex-wrap:wrap;\" ><div class=\"fusion-builder-row fusion-row fusion-flex-align-items-flex-start fusion-flex-content-wrap\" style=\"max-width:1248px;margin-left: calc(-4% \/ 2 );margin-right: calc(-4% \/ 2 );\"><div class=\"fusion-layout-column fusion_builder_column fusion-builder-column-3 fusion_builder_column_1_3 1_3 fusion-flex-column\" style=\"--awb-padding-top:3%;--awb-padding-left:10%;--awb-bg-size:cover;--awb-width-large:33.333333333333%;--awb-margin-top-large:3%;--awb-spacing-right-large:8.64%;--awb-margin-bottom-large:0px;--awb-spacing-left-large:25.92%;--awb-width-medium:33.333333333333%;--awb-order-medium:0;--awb-spacing-right-medium:8.64%;--awb-spacing-left-medium:25.92%;--awb-width-small:100%;--awb-order-small:0;--awb-spacing-right-small:9.6%;--awb-spacing-left-small:1.92%;\"><div class=\"fusion-column-wrapper fusion-column-has-shadow fusion-flex-justify-content-flex-start fusion-content-layout-row\"><div class=\"fusion-image-element \" style=\"text-align:center;--awb-caption-title-font-family:var(--h2_typography-font-family);--awb-caption-title-font-weight:var(--h2_typography-font-weight);--awb-caption-title-font-style:var(--h2_typography-font-style);--awb-caption-title-size:var(--h2_typography-font-size);--awb-caption-title-transform:var(--h2_typography-text-transform);--awb-caption-title-line-height:var(--h2_typography-line-height);--awb-caption-title-letter-spacing:var(--h2_typography-letter-spacing);\"><span class=\" fusion-imageframe imageframe-none imageframe-2 hover-type-none\"><img decoding=\"async\" width=\"2560\" height=\"2518\" src=\"https:\/\/olrfamilycatechism.com\/wp-content\/uploads\/2021\/10\/New-LK-scaled.jpg\" alt class=\"img-responsive wp-image-8509\" srcset=\"https:\/\/olrfamilycatechism.com\/wp-content\/uploads\/2021\/10\/New-LK-200x197.jpg 200w, https:\/\/olrfamilycatechism.com\/wp-content\/uploads\/2021\/10\/New-LK-400x393.jpg 400w, https:\/\/olrfamilycatechism.com\/wp-content\/uploads\/2021\/10\/New-LK-600x590.jpg 600w, https:\/\/olrfamilycatechism.com\/wp-content\/uploads\/2021\/10\/New-LK-800x787.jpg 800w, https:\/\/olrfamilycatechism.com\/wp-content\/uploads\/2021\/10\/New-LK-1200x1180.jpg 1200w, https:\/\/olrfamilycatechism.com\/wp-content\/uploads\/2021\/10\/New-LK-scaled.jpg 2560w\" sizes=\"(max-width: 640px) 100vw, 400px\" \/><\/span><\/div><\/div><\/div><div class=\"fusion-layout-column fusion_builder_column fusion-builder-column-4 fusion_builder_column_2_3 2_3 fusion-flex-column\" style=\"--awb-padding-top:0%;--awb-padding-right:17%;--awb-padding-left:3%;--awb-bg-size:cover;--awb-width-large:66.666666666667%;--awb-margin-top-large:0px;--awb-spacing-right-large:2.88%;--awb-margin-bottom-large:20px;--awb-spacing-left-large:0%;--awb-width-medium:66.666666666667%;--awb-order-medium:0;--awb-spacing-right-medium:2.88%;--awb-spacing-left-medium:0%;--awb-width-small:100%;--awb-order-small:0;--awb-spacing-right-small:1.92%;--awb-spacing-left-small:14.4%;\"><div class=\"fusion-column-wrapper fusion-column-has-shadow fusion-flex-justify-content-flex-start fusion-content-layout-column\"><div class=\"fusion-text fusion-text-3\" style=\"--awb-content-alignment:center;--awb-text-color:#ffffff;\"><div style=\"text-align: left;\"><span style=\"color: #7f0002; font-family: Alegreya SC;\"><span style=\"font-size: 33px; letter-spacing: 3px; line-height: 44px;\" data-fusion-font=\"true\">LYDIA RUSSO<\/span><\/span><\/div>\n<p style=\"text-align: left;\"><span style=\"color: #7f002c; font-family: Alegreya SC;\"><span style=\"font-size: 28px; line-height: 44px;\" data-fusion-font=\"true\">productora ejecutiva<\/span><\/span><\/p>\n<\/div><div class=\"fusion-text fusion-text-4\"><p style=\"text-align: justify; color: rgb(73, 73, 73);\">Lydia Russo es esposa y madre de una familia joven en crecimiento. Posee un t\u00edtulo con honores de primera clase en Filosof\u00eda y Estudios Religiosos de The Open University, Reino Unido. Su papel en el Catecismo Familiar de Nuestra Se\u00f1ora del Rosario incluy\u00f3 ser responsable de la producci\u00f3n y cinematograf\u00eda, de crear todos los videos del curso, y de apoyar al P. Pillari en la investigaci\u00f3n, redacci\u00f3n y edici\u00f3n del curso, incluyendo la creaci\u00f3n del contenido de los Paquetes de Actividades de la Cruzada del Catecismo. Actualmente forma parte de la junta directiva de Regina Angelorum Press, Inc.<\/p><\/p>\n<\/div><\/div><\/div><div class=\"fusion-layout-column fusion_builder_column fusion-builder-column-5 fusion_builder_column_1_1 1_1 fusion-flex-column\" style=\"--awb-padding-top:25px;--awb-padding-bottom:32px;--awb-bg-size:cover;--awb-width-large:100%;--awb-order-large:0;--awb-margin-top-large:0px;--awb-spacing-right-large:36.672%;--awb-margin-bottom-large:0px;--awb-spacing-left-large:35.712%;--awb-width-medium:100%;--awb-order-medium:0;--awb-spacing-right-medium:36.672%;--awb-spacing-left-medium:35.712%;--awb-width-small:100%;--awb-order-small:0;--awb-spacing-right-small:1.92%;--awb-spacing-left-small:1.92%;\"><div class=\"fusion-column-wrapper fusion-column-has-shadow fusion-flex-justify-content-flex-start fusion-content-layout-column\"><div style=\"text-align:center;\"><a class=\"fusion-button button-flat button-large button-default fusion-button-default button-1 fusion-button-default-span fusion-button-default-type\" target=\"_self\" title=\"PROGRAMA EN AESPA\u00d1OL\" aria-label=\"PROGRAMA EN AESPA\u00d1OL\" href=\"https:\/\/olrfamilycatechism.com\/wp-content\/uploads\/2026\/02\/Sobre-el-Programa-en-Espanol-1.png\"><span class=\"fusion-button-text awb-button__text awb-button__text--default\">ACERCA DEL PROGRAMA EN ESPA\u00d1OL<\/span><\/a><\/div><\/div><\/div><\/div><\/div><div class=\"fusion-fullwidth fullwidth-box fusion-builder-row-5 fusion-flex-container nonhundred-percent-fullwidth non-hundred-percent-height-scrolling\" style=\"--awb-border-radius-top-left:0px;--awb-border-radius-top-right:0px;--awb-border-radius-bottom-right:0px;--awb-border-radius-bottom-left:0px;--awb-padding-right:0px;--awb-padding-bottom:8%;--awb-padding-left:0px;--awb-margin-bottom:0px;--awb-flex-wrap:wrap;\" ><div class=\"fusion-builder-row fusion-row fusion-flex-align-items-flex-start fusion-flex-content-wrap\" style=\"max-width:1248px;margin-left: calc(-4% \/ 2 );margin-right: calc(-4% \/ 2 );\"><div class=\"fusion-layout-column fusion_builder_column fusion-builder-column-6 fusion_builder_column_1_3 1_3 fusion-flex-column\" style=\"--awb-padding-left:10%;--awb-bg-size:cover;--awb-width-large:33.333333333333%;--awb-margin-top-large:8.5%;--awb-spacing-right-large:8.64%;--awb-margin-bottom-large:0px;--awb-spacing-left-large:25.92%;--awb-width-medium:33.333333333333%;--awb-order-medium:0;--awb-spacing-right-medium:8.64%;--awb-spacing-left-medium:25.92%;--awb-width-small:100%;--awb-order-small:0;--awb-spacing-right-small:9.6%;--awb-spacing-left-small:1.92%;\"><div class=\"fusion-column-wrapper fusion-column-has-shadow fusion-flex-justify-content-flex-start fusion-content-layout-column\"><div class=\"fusion-image-element \" style=\"text-align:center;--awb-caption-title-font-family:var(--h2_typography-font-family);--awb-caption-title-font-weight:var(--h2_typography-font-weight);--awb-caption-title-font-style:var(--h2_typography-font-style);--awb-caption-title-size:var(--h2_typography-font-size);--awb-caption-title-transform:var(--h2_typography-text-transform);--awb-caption-title-line-height:var(--h2_typography-line-height);--awb-caption-title-letter-spacing:var(--h2_typography-letter-spacing);\"><span class=\" fusion-imageframe imageframe-none imageframe-3 hover-type-none\"><a class=\"fusion-no-lightbox\" href=\"https:\/\/reginangelorumpress.com\/\" target=\"_blank\" aria-label=\"RAI Logo\" rel=\"noopener noreferrer\"><img decoding=\"async\" width=\"232\" height=\"300\" src=\"https:\/\/olrfamilycatechism.com\/wp-content\/uploads\/2026\/04\/RAI-Logo-1-232x300.png\" alt class=\"img-responsive wp-image-8642\" srcset=\"https:\/\/olrfamilycatechism.com\/wp-content\/uploads\/2026\/04\/RAI-Logo-1-200x259.png 200w, https:\/\/olrfamilycatechism.com\/wp-content\/uploads\/2026\/04\/RAI-Logo-1-400x518.png 400w, https:\/\/olrfamilycatechism.com\/wp-content\/uploads\/2026\/04\/RAI-Logo-1-600x776.png 600w, https:\/\/olrfamilycatechism.com\/wp-content\/uploads\/2026\/04\/RAI-Logo-1-800x1035.png 800w, https:\/\/olrfamilycatechism.com\/wp-content\/uploads\/2026\/04\/RAI-Logo-1-1200x1553.png 1200w\" sizes=\"(max-width: 640px) 100vw, 400px\" \/><\/a><\/span><\/div><\/div><\/div><div class=\"fusion-layout-column fusion_builder_column fusion-builder-column-7 fusion_builder_column_2_3 2_3 fusion-flex-column fusion-column-inner-bg-wrapper\" style=\"--awb-padding-top:3%;--awb-padding-right:17%;--awb-padding-left:3%;--awb-inner-bg-size:cover;--awb-width-large:66.666666666667%;--awb-margin-top-large:0px;--awb-spacing-right-large:2.88%;--awb-margin-bottom-large:20px;--awb-spacing-left-large:0%;--awb-width-medium:66.666666666667%;--awb-order-medium:0;--awb-spacing-right-medium:2.88%;--awb-spacing-left-medium:0%;--awb-width-small:100%;--awb-order-small:0;--awb-spacing-right-small:1.92%;--awb-spacing-left-small:14.4%;\"><span class=\"fusion-column-inner-bg hover-type-none\"><a class=\"fusion-column-anchor\" href=\"https:\/\/reginangelorumpress.com\/\" rel=\"noopener noreferrer\" target=\"_blank\"><span class=\"fusion-column-inner-bg-image\"><\/span><\/a><\/span><div class=\"fusion-column-wrapper fusion-column-has-shadow fusion-flex-justify-content-flex-start fusion-content-layout-column\"><div class=\"fusion-text fusion-text-5\"><p style=\"font-family: Alegreya; font-weight: 400; color: #000000; --fontsize: 40; line-height: 1.2;\">&nbsp;<\/p>\n<p style=\"text-align: left; --fontsize: 40; line-height: 1.2;\"><span style=\"color: #7f0002;\"><span style=\"font-size: 33px; letter-spacing: 3px;\">REGINA ANGELORUM PRESS, INC.<\/span><\/span><\/p>\n<p style=\"font-family: Alegreya; font-weight: 400; color: #494949;\" data-fusion-font=\"true\" data-fusion-google-font=\"Alegreya\" data-fusion-google-variant=\"400\"><a href=\"https:\/\/reginangelorumpress.com\/\" target=\"_blank\" rel=\"noopener noreferrer\">Regina Angelorum Press Inc.<\/a> existe para la gloria de Dios y la salvaci\u00f3n de las almas, y desea actuar en total dependencia de la asistencia y gu\u00eda de la Virgen Inmaculada Mar\u00eda. Tiene un enfoque particular en apoyar los apostolados y el ministerio sacerdotal del P. Anthony Pillari. El apostolado principal que actualmente facilita Regina Angelorum Press Inc. es la Cruzada del Rosario de Nuestra Se\u00f1ora de F\u00e1tima, que brinda a los cat\u00f3licos de todo el mundo la oportunidad de unirse en la oraci\u00f3n del Rosario diario. El P. Pillari cre\u00f3 el <i>Catecismo Familiar de Nuestra Se\u00f1ora del Rosario<\/i> junto con la productora Lydia Russo en 2022.<\/p>\n<p style=\"font-family: Alegreya; font-weight: 400; color: #494949;\" data-fusion-font=\"true\" data-fusion-google-font=\"Alegreya\" data-fusion-google-variant=\"400\">Algunos otros programas que se han producido y puesto a disposici\u00f3n incluyen:<\/p>\n<ul>\n<li><span style=\"background-color: rgba(255, 255, 255, 0); font-size: var(--body_typography-font-size); font-style: var(--body_typography-font-style,normal); letter-spacing: var(--body_typography-letter-spacing);\">Meditaciones de la Devoci\u00f3n del Primer S\u00e1bado<\/span><\/li>\n<li><span style=\"background-color: rgba(255, 255, 255, 0); font-size: var(--body_typography-font-size); font-style: var(--body_typography-font-style,normal); letter-spacing: var(--body_typography-letter-spacing);\">\u2018My Path to Heaven\u2019 by Fr Geoffrey Bliss<\/span><\/li>\n<li><span style=\"background-color: rgba(255, 255, 255, 0); font-size: var(--body_typography-font-size); font-style: var(--body_typography-font-style,normal); letter-spacing: var(--body_typography-letter-spacing);\">\u00abEl camino para conversar siempre y familiarmente con Dios\u00bb por San Alfonso Mar\u00eda de Ligorio.<\/span><\/li>\n<li><span style=\"background-color: rgba(255, 255, 255, 0); font-size: var(--body_typography-font-size); font-style: var(--body_typography-font-style,normal); letter-spacing: var(--body_typography-letter-spacing);\">Las vidas de los m\u00e1rtires por Mr. Hope<\/span><\/li>\n<li><span style=\"background-color: rgba(255, 255, 255, 0); font-size: var(--body_typography-font-size); font-style: var(--body_typography-font-style,normal); letter-spacing: var(--body_typography-letter-spacing);\">Lecturas sobre las Benditas Almas del Purgatorio<\/span><\/li>\n<li><span style=\"background-color: rgba(255, 255, 255, 0); font-size: var(--body_typography-font-size); font-style: var(--body_typography-font-style,normal); letter-spacing: var(--body_typography-letter-spacing);\">Preparaci\u00f3n para la consagraci\u00f3n a Mar\u00eda<\/span><\/li>\n<li><span style=\"background-color: rgba(255, 255, 255, 0); font-size: var(--body_typography-font-size); font-style: var(--body_typography-font-style,normal); letter-spacing: var(--body_typography-letter-spacing);\">Sermones de Domingos<\/span><\/li>\n<\/ul>\n<\/div><\/div><\/div><\/div><\/div><div class=\"fusion-fullwidth fullwidth-box fusion-builder-row-6 fusion-flex-container nonhundred-percent-fullwidth non-hundred-percent-height-scrolling\" style=\"--awb-border-radius-top-left:0px;--awb-border-radius-top-right:0px;--awb-border-radius-bottom-right:0px;--awb-border-radius-bottom-left:0px;--awb-background-color:#fff6e5;--awb-flex-wrap:wrap;\" ><div class=\"fusion-builder-row fusion-row fusion-flex-align-items-flex-start fusion-flex-content-wrap\" style=\"max-width:1248px;margin-left: calc(-4% \/ 2 );margin-right: calc(-4% \/ 2 );\"><div class=\"fusion-layout-column fusion_builder_column fusion-builder-column-8 fusion_builder_column_1_1 1_1 fusion-flex-column\" style=\"--awb-padding-top:3.5%;--awb-padding-bottom:3%;--awb-bg-size:cover;--awb-width-large:100%;--awb-margin-top-large:0px;--awb-spacing-right-large:1.92%;--awb-margin-bottom-large:0px;--awb-spacing-left-large:1.92%;--awb-width-medium:100%;--awb-order-medium:0;--awb-spacing-right-medium:1.92%;--awb-spacing-left-medium:1.92%;--awb-width-small:100%;--awb-order-small:0;--awb-spacing-right-small:1.92%;--awb-spacing-left-small:1.92%;\"><div class=\"fusion-column-wrapper fusion-column-has-shadow fusion-flex-justify-content-flex-start fusion-content-layout-column\"><div class=\"fusion-image-element \" style=\"text-align:center;--awb-caption-title-font-family:var(--h2_typography-font-family);--awb-caption-title-font-weight:var(--h2_typography-font-weight);--awb-caption-title-font-style:var(--h2_typography-font-style);--awb-caption-title-size:var(--h2_typography-font-size);--awb-caption-title-transform:var(--h2_typography-text-transform);--awb-caption-title-line-height:var(--h2_typography-line-height);--awb-caption-title-letter-spacing:var(--h2_typography-letter-spacing);\"><span class=\" fusion-imageframe imageframe-none imageframe-4 hover-type-none\"><a class=\"fusion-no-lightbox\" href=\"https:\/\/reginangelorumpress.com\/\" target=\"_blank\" aria-label=\"RAI Logo\" rel=\"noopener noreferrer\"><img decoding=\"async\" width=\"232\" height=\"300\" src=\"https:\/\/olrfamilycatechism.com\/wp-content\/uploads\/2026\/04\/RAI-Logo-1-232x300.png\" alt class=\"img-responsive wp-image-8642\" srcset=\"https:\/\/olrfamilycatechism.com\/wp-content\/uploads\/2026\/04\/RAI-Logo-1-200x259.png 200w, https:\/\/olrfamilycatechism.com\/wp-content\/uploads\/2026\/04\/RAI-Logo-1-400x518.png 400w, https:\/\/olrfamilycatechism.com\/wp-content\/uploads\/2026\/04\/RAI-Logo-1-600x776.png 600w, https:\/\/olrfamilycatechism.com\/wp-content\/uploads\/2026\/04\/RAI-Logo-1-800x1035.png 800w, https:\/\/olrfamilycatechism.com\/wp-content\/uploads\/2026\/04\/RAI-Logo-1-1200x1553.png 1200w\" sizes=\"(max-width: 640px) 100vw, 1200px\" \/><\/a><\/span><\/div><\/div><\/div><\/div><\/div><\/p>\n","protected":false},"excerpt":{"rendered":"","protected":false},"author":6,"featured_media":0,"parent":0,"menu_order":0,"comment_status":"closed","ping_status":"closed","template":"100-width.php","meta":{"give_campaign_id":0,"footnotes":""},"class_list":["post-7387","page","type-page","status-publish","hentry"],"campaignId":"","_links":{"self":[{"href":"https:\/\/olrfamilycatechism.com\/es\/wp-json\/wp\/v2\/pages\/7387","targetHints":{"allow":["GET"]}}],"collection":[{"href":"https:\/\/olrfamilycatechism.com\/es\/wp-json\/wp\/v2\/pages"}],"about":[{"href":"https:\/\/olrfamilycatechism.com\/es\/wp-json\/wp\/v2\/types\/page"}],"author":[{"embeddable":true,"href":"https:\/\/olrfamilycatechism.com\/es\/wp-json\/wp\/v2\/users\/6"}],"replies":[{"embeddable":true,"href":"https:\/\/olrfamilycatechism.com\/es\/wp-json\/wp\/v2\/comments?post=7387"}],"version-history":[{"count":0,"href":"https:\/\/olrfamilycatechism.com\/es\/wp-json\/wp\/v2\/pages\/7387\/revisions"}],"wp:attachment":[{"href":"https:\/\/olrfamilycatechism.com\/es\/wp-json\/wp\/v2\/media?parent=7387"}],"curies":[{"name":"wp","href":"https:\/\/api.w.org\/{rel}","templated":true}]}}