{"id":7395,"date":"2021-10-06T12:49:30","date_gmt":"2021-10-06T16:49:30","guid":{"rendered":"https:\/\/olrfamilycatechism.com\/respaldos\/"},"modified":"2026-02-05T21:05:12","modified_gmt":"2026-02-06T02:05:12","slug":"respaldos","status":"publish","type":"page","link":"https:\/\/olrfamilycatechism.com\/es\/respaldos\/","title":{"rendered":"Respaldos"},"content":{"rendered":"<p><div class=\"fusion-fullwidth fullwidth-box fusion-builder-row-1 fusion-flex-container nonhundred-percent-fullwidth non-hundred-percent-height-scrolling\" style=\"--awb-border-sizes-top:0px;--awb-border-sizes-bottom:0px;--awb-border-sizes-left:0px;--awb-border-sizes-right:0px;--awb-border-radius-top-left:0px;--awb-border-radius-top-right:0px;--awb-border-radius-bottom-right:0px;--awb-border-radius-bottom-left:0px;--awb-padding-top:0px;--awb-padding-bottom:24px;--awb-margin-top:0px;--awb-flex-wrap:wrap;\" ><div class=\"fusion-builder-row fusion-row fusion-flex-align-items-flex-start fusion-flex-content-wrap\" style=\"max-width:1248px;margin-left: calc(-4% \/ 2 );margin-right: calc(-4% \/ 2 );\"><div class=\"fusion-layout-column fusion_builder_column fusion-builder-column-0 fusion_builder_column_1_1 1_1 fusion-flex-column\" style=\"--awb-bg-size:cover;--awb-width-large:100%;--awb-margin-top-large:0px;--awb-spacing-right-large:1.92%;--awb-margin-bottom-large:20px;--awb-spacing-left-large:1.92%;--awb-width-medium:100%;--awb-spacing-right-medium:1.92%;--awb-spacing-left-medium:1.92%;--awb-width-small:100%;--awb-spacing-right-small:1.92%;--awb-spacing-left-small:1.92%;\"><div class=\"fusion-column-wrapper fusion-flex-justify-content-flex-start fusion-content-layout-column\"><div class=\"fusion-title title fusion-title-1 fusion-sep-none fusion-title-text fusion-title-size-two\" style=\"--awb-margin-top-small:10px;--awb-margin-right-small:0px;--awb-margin-bottom-small:10px;--awb-margin-left-small:0px;\"><h2 class=\"fusion-title-heading title-heading-left fusion-responsive-typography-calculated\" style=\"margin:0;--fontSize:40;line-height:1.2;\"><div style=\"text-align: center;\"><span style=\"background-color: rgba(255, 255, 255, 0); color: var(--h2_typography-color); font-family: var(--h2_typography-font-family); font-size: var(--h2_typography-font-size); font-style: var(--h2_typography-font-style,normal); font-weight: var(--h2_typography-font-weight); letter-spacing: var(--h2_typography-letter-spacing);\">RESPALDOS<\/span><\/div><\/h2><\/div><\/div><\/div><\/div><\/div><div class=\"fusion-fullwidth fullwidth-box fusion-builder-row-2 fusion-flex-container nonhundred-percent-fullwidth non-hundred-percent-height-scrolling\" style=\"--awb-background-position:right center;--awb-border-radius-top-left:0px;--awb-border-radius-top-right:0px;--awb-border-radius-bottom-right:0px;--awb-border-radius-bottom-left:0px;--awb-padding-top:3%;--awb-padding-right:3%;--awb-padding-bottom:0px;--awb-padding-left:3%;--awb-padding-top-medium:10px;--awb-margin-top:0px;--awb-margin-bottom:0px;--awb-background-color:#fff8ed;--awb-flex-wrap:wrap;\" ><div class=\"fusion-builder-row fusion-row fusion-flex-align-items-flex-start fusion-flex-content-wrap\" style=\"max-width:1248px;margin-left: calc(-4% \/ 2 );margin-right: calc(-4% \/ 2 );\"><div class=\"fusion-layout-column fusion_builder_column fusion-builder-column-1 fusion_builder_column_1_1 1_1 fusion-flex-column\" style=\"--awb-padding-right-small:5%;--awb-padding-left-small:5%;--awb-bg-size:cover;--awb-width-large:100%;--awb-margin-top-large:4%;--awb-spacing-right-large:1.92%;--awb-margin-bottom-large:2%;--awb-spacing-left-large:1.92%;--awb-width-medium:100%;--awb-order-medium:0;--awb-spacing-right-medium:1.92%;--awb-spacing-left-medium:1.92%;--awb-width-small:100%;--awb-order-small:0;--awb-spacing-right-small:1.92%;--awb-spacing-left-small:1.92%;\"><div class=\"fusion-column-wrapper fusion-column-has-shadow fusion-flex-justify-content-flex-start fusion-content-layout-column\"><a class=\"awb-lightbox awb-lightbox-1\" href=\"https:\/\/player.vimeo.com\/video\/997867433\" data-rel=\"iLightbox\"><img decoding=\"async\" src=\"https:\/\/olrfamilycatechism.com\/wp-content\/uploads\/2021\/06\/CB-Endorsement-thumbnail.jpg\"><\/a><\/div><\/div><\/div><\/div><div class=\"fusion-fullwidth fullwidth-box fusion-builder-row-3 fusion-flex-container nonhundred-percent-fullwidth non-hundred-percent-height-scrolling\" style=\"--awb-background-position:right center;--awb-border-radius-top-left:0px;--awb-border-radius-top-right:0px;--awb-border-radius-bottom-right:0px;--awb-border-radius-bottom-left:0px;--awb-padding-top:0px;--awb-padding-right:100px;--awb-padding-bottom:2%;--awb-padding-left:100px;--awb-padding-top-medium:10px;--awb-padding-bottom-small:0px;--awb-margin-top:0px;--awb-margin-bottom:0px;--awb-margin-bottom-small:0px;--awb-background-color:#fff8ed;--awb-flex-wrap:wrap;\" ><div class=\"fusion-builder-row fusion-row fusion-flex-align-items-flex-start fusion-flex-content-wrap\" style=\"max-width:1248px;margin-left: calc(-4% \/ 2 );margin-right: calc(-4% \/ 2 );\"><div class=\"fusion-layout-column fusion_builder_column fusion-builder-column-2 fusion_builder_column_1_2 1_2 fusion-flex-column\" style=\"--awb-padding-top:2%;--awb-padding-right:2%;--awb-padding-left:2%;--awb-bg-size:cover;--awb-width-large:50%;--awb-margin-top-large:0px;--awb-spacing-right-large:3.84%;--awb-margin-bottom-large:20px;--awb-spacing-left-large:3.84%;--awb-width-medium:50%;--awb-order-medium:0;--awb-spacing-right-medium:3.84%;--awb-spacing-left-medium:3.84%;--awb-width-small:100%;--awb-order-small:0;--awb-spacing-right-small:1.92%;--awb-spacing-left-small:1.92%;\"><div class=\"fusion-column-wrapper fusion-column-has-shadow fusion-flex-justify-content-flex-start fusion-content-layout-column\"><div class=\"fusion-video fusion-vimeo\" style=\"--awb-max-width:600px;--awb-max-height:360px;--awb-align-self:center;--awb-width:100%;\"><div class=\"video-shortcode\"><div class=\"fluid-width-video-wrapper\" style=\"padding-top:60%;\" ><iframe title=\"Vimeo video player 1\" src=\"https:\/\/player.vimeo.com\/video\/997868668?autoplay=0&amp;autopause=0\" width=\"600\" height=\"360\" allowfullscreen allow=\"autoplay; fullscreen\"><\/iframe><\/div><\/div><\/div><\/div><\/div><div class=\"fusion-layout-column fusion_builder_column fusion-builder-column-3 fusion_builder_column_1_2 1_2 fusion-flex-column\" style=\"--awb-padding-top:2%;--awb-padding-right:2%;--awb-padding-left:2%;--awb-bg-size:cover;--awb-width-large:50%;--awb-margin-top-large:0px;--awb-spacing-right-large:3.84%;--awb-margin-bottom-large:20px;--awb-spacing-left-large:3.84%;--awb-width-medium:50%;--awb-order-medium:0;--awb-spacing-right-medium:3.84%;--awb-spacing-left-medium:3.84%;--awb-width-small:100%;--awb-order-small:0;--awb-spacing-right-small:1.92%;--awb-spacing-left-small:1.92%;\"><div class=\"fusion-column-wrapper fusion-column-has-shadow fusion-flex-justify-content-flex-start fusion-content-layout-column\"><div class=\"fusion-video fusion-vimeo\" style=\"--awb-max-width:600px;--awb-max-height:360px;--awb-align-self:center;--awb-width:100%;\"><div class=\"video-shortcode\"><div class=\"fluid-width-video-wrapper\" style=\"padding-top:60%;\" ><iframe title=\"Vimeo video player 2\" src=\"https:\/\/player.vimeo.com\/video\/998387842?autoplay=0&amp;autopause=0\" width=\"600\" height=\"360\" allowfullscreen allow=\"autoplay; fullscreen\"><\/iframe><\/div><\/div><\/div><\/div><\/div><\/div><\/div><div class=\"fusion-fullwidth fullwidth-box fusion-builder-row-4 fusion-flex-container nonhundred-percent-fullwidth non-hundred-percent-height-scrolling\" style=\"--awb-border-radius-top-left:0px;--awb-border-radius-top-right:0px;--awb-border-radius-bottom-right:0px;--awb-border-radius-bottom-left:0px;--awb-padding-top:9%;--awb-padding-right:0px;--awb-padding-left:0px;--awb-margin-bottom:0px;--awb-flex-wrap:wrap;\" ><div class=\"fusion-builder-row fusion-row fusion-flex-align-items-flex-start fusion-flex-content-wrap\" style=\"max-width:1248px;margin-left: calc(-4% \/ 2 );margin-right: calc(-4% \/ 2 );\"><div class=\"fusion-layout-column fusion_builder_column fusion-builder-column-4 fusion_builder_column_1_3 1_3 fusion-flex-column\" style=\"--awb-padding-left:10%;--awb-bg-size:cover;--awb-width-large:33.333333333333%;--awb-margin-top-large:5%;--awb-spacing-right-large:8.64%;--awb-margin-bottom-large:0px;--awb-spacing-left-large:25.92%;--awb-width-medium:33.333333333333%;--awb-order-medium:0;--awb-spacing-right-medium:8.64%;--awb-spacing-left-medium:25.92%;--awb-width-small:100%;--awb-order-small:0;--awb-spacing-right-small:9.6%;--awb-spacing-left-small:1.92%;\"><div class=\"fusion-column-wrapper fusion-column-has-shadow fusion-flex-justify-content-flex-start fusion-content-layout-column\"><div class=\"fusion-image-element \" style=\"text-align:center;--awb-caption-title-font-family:var(--h2_typography-font-family);--awb-caption-title-font-weight:var(--h2_typography-font-weight);--awb-caption-title-font-style:var(--h2_typography-font-style);--awb-caption-title-size:var(--h2_typography-font-size);--awb-caption-title-transform:var(--h2_typography-text-transform);--awb-caption-title-line-height:var(--h2_typography-line-height);--awb-caption-title-letter-spacing:var(--h2_typography-letter-spacing);\"><span class=\" fusion-imageframe imageframe-none imageframe-1 hover-type-none\"><img decoding=\"async\" width=\"1000\" height=\"983\" src=\"https:\/\/olrfamilycatechism.com\/wp-content\/uploads\/2021\/10\/New-VCN.jpg\" alt class=\"img-responsive wp-image-5951\" srcset=\"https:\/\/olrfamilycatechism.com\/wp-content\/uploads\/2021\/10\/New-VCN-200x197.jpg 200w, https:\/\/olrfamilycatechism.com\/wp-content\/uploads\/2021\/10\/New-VCN-400x393.jpg 400w, https:\/\/olrfamilycatechism.com\/wp-content\/uploads\/2021\/10\/New-VCN-600x590.jpg 600w, https:\/\/olrfamilycatechism.com\/wp-content\/uploads\/2021\/10\/New-VCN-800x786.jpg 800w, https:\/\/olrfamilycatechism.com\/wp-content\/uploads\/2021\/10\/New-VCN.jpg 1000w\" sizes=\"(max-width: 640px) 100vw, 400px\" \/><\/span><\/div><\/div><\/div><div class=\"fusion-layout-column fusion_builder_column fusion-builder-column-5 fusion_builder_column_2_3 2_3 fusion-flex-column\" style=\"--awb-padding-top:3%;--awb-padding-right:17%;--awb-padding-left:0%;--awb-bg-size:cover;--awb-width-large:66.666666666667%;--awb-margin-top-large:0px;--awb-spacing-right-large:2.88%;--awb-margin-bottom-large:20px;--awb-spacing-left-large:2.88%;--awb-width-medium:66.666666666667%;--awb-order-medium:0;--awb-spacing-right-medium:2.88%;--awb-spacing-left-medium:2.88%;--awb-width-small:100%;--awb-order-small:0;--awb-spacing-right-small:1.92%;--awb-spacing-left-small:14.4%;\"><div class=\"fusion-column-wrapper fusion-column-has-shadow fusion-flex-justify-content-flex-start fusion-content-layout-column\"><div class=\"fusion-text fusion-text-1\"><p><span style=\"color: var(--body_typography-color); font-family: var(--body_typography-font-family); font-size: var(--body_typography-font-size); font-style: var(--body_typography-font-style,normal); font-weight: var(--body_typography-font-weight); letter-spacing: var(--body_typography-letter-spacing);\">\u00abEn nuestra sociedad, donde los ni\u00f1os, en la mayor\u00eda de los casos, solo reciben desinformaci\u00f3n, y donde sus mentes y corazones son f\u00e1cilmente corrompidos por internet y las redes sociales,<\/span> el Catecismo Familiar de Nuestra Se\u00f1ora del Rosario, presentado por Regina Angelorum Press, Inc.\u00bb <span style=\"color: var(--body_typography-color); font-family: var(--body_typography-font-family); font-size: var(--body_typography-font-size); font-style: var(--body_typography-font-style,normal); font-weight: var(--body_typography-font-weight); letter-spacing: var(--body_typography-letter-spacing);\"> Debe ser recibido con gran alegr\u00eda. Nuestro Se\u00f1or ense\u00f1\u00f3 que los ni\u00f1os est\u00e1n m\u00e1s cerca del trono de Dios debido a su inocencia y sencillez. Sin embargo, estos dones deben ser protegidos; los ni\u00f1os deben ser resguardados de lo que podr\u00eda corromperlos y alentados a crecer en virtud, mostr\u00e1ndoles la belleza de la Verdad y la fortaleza del Bien. El P. Anthony Pillari hace precisamente esto en su curso de catecismo, lo que lo convierte en un gran regalo para todas las almas, pero especialmente para los ni\u00f1os y sus familias.<\/span><\/p>\n<p style=\"font-family: Alegreya; font-weight: bold; color: #680c0c; letter-spacing: 1px;\" data-fusion-font=\"true\" data-fusion-google-font=\"Alegreya\" data-fusion-google-variant=\"700\">Virginia Coda Nunziante, presidente de la asociaci\u00f3n Famiglia Domani<\/p>\n<\/div><\/div><\/div><\/div><\/div><div class=\"fusion-fullwidth fullwidth-box fusion-builder-row-5 fusion-flex-container nonhundred-percent-fullwidth non-hundred-percent-height-scrolling\" style=\"--awb-border-radius-top-left:0px;--awb-border-radius-top-right:0px;--awb-border-radius-bottom-right:0px;--awb-border-radius-bottom-left:0px;--awb-padding-right:0px;--awb-padding-left:0px;--awb-margin-bottom:0px;--awb-flex-wrap:wrap;\" ><div class=\"fusion-builder-row fusion-row fusion-flex-align-items-flex-start fusion-flex-content-wrap\" style=\"max-width:1248px;margin-left: calc(-4% \/ 2 );margin-right: calc(-4% \/ 2 );\"><div class=\"fusion-layout-column fusion_builder_column fusion-builder-column-6 fusion_builder_column_1_3 1_3 fusion-flex-column\" style=\"--awb-padding-left:10%;--awb-bg-size:cover;--awb-width-large:33.333333333333%;--awb-margin-top-large:5%;--awb-spacing-right-large:8.64%;--awb-margin-bottom-large:0px;--awb-spacing-left-large:25.92%;--awb-width-medium:33.333333333333%;--awb-order-medium:0;--awb-spacing-right-medium:8.64%;--awb-spacing-left-medium:25.92%;--awb-width-small:100%;--awb-order-small:0;--awb-spacing-right-small:9.6%;--awb-spacing-left-small:1.92%;\"><div class=\"fusion-column-wrapper fusion-column-has-shadow fusion-flex-justify-content-flex-start fusion-content-layout-column\"><div class=\"fusion-image-element \" style=\"text-align:center;--awb-caption-title-font-family:var(--h2_typography-font-family);--awb-caption-title-font-weight:var(--h2_typography-font-weight);--awb-caption-title-font-style:var(--h2_typography-font-style);--awb-caption-title-size:var(--h2_typography-font-size);--awb-caption-title-transform:var(--h2_typography-text-transform);--awb-caption-title-line-height:var(--h2_typography-line-height);--awb-caption-title-letter-spacing:var(--h2_typography-letter-spacing);\"><span class=\" fusion-imageframe imageframe-none imageframe-2 hover-type-none\"><img decoding=\"async\" width=\"1000\" height=\"983\" src=\"https:\/\/olrfamilycatechism.com\/wp-content\/uploads\/2021\/10\/New-John-Smeaton.jpg\" alt class=\"img-responsive wp-image-5953\" srcset=\"https:\/\/olrfamilycatechism.com\/wp-content\/uploads\/2021\/10\/New-John-Smeaton-200x197.jpg 200w, https:\/\/olrfamilycatechism.com\/wp-content\/uploads\/2021\/10\/New-John-Smeaton-400x393.jpg 400w, https:\/\/olrfamilycatechism.com\/wp-content\/uploads\/2021\/10\/New-John-Smeaton-600x590.jpg 600w, https:\/\/olrfamilycatechism.com\/wp-content\/uploads\/2021\/10\/New-John-Smeaton-800x786.jpg 800w, https:\/\/olrfamilycatechism.com\/wp-content\/uploads\/2021\/10\/New-John-Smeaton.jpg 1000w\" sizes=\"(max-width: 640px) 100vw, 400px\" \/><\/span><\/div><\/div><\/div><div class=\"fusion-layout-column fusion_builder_column fusion-builder-column-7 fusion_builder_column_2_3 2_3 fusion-flex-column\" style=\"--awb-padding-top:3%;--awb-padding-right:17%;--awb-padding-left:0%;--awb-bg-size:cover;--awb-width-large:66.666666666667%;--awb-margin-top-large:0px;--awb-spacing-right-large:2.88%;--awb-margin-bottom-large:20px;--awb-spacing-left-large:2.88%;--awb-width-medium:66.666666666667%;--awb-order-medium:0;--awb-spacing-right-medium:2.88%;--awb-spacing-left-medium:2.88%;--awb-width-small:100%;--awb-order-small:0;--awb-spacing-right-small:1.92%;--awb-spacing-left-small:14.4%;\"><div class=\"fusion-column-wrapper fusion-column-has-shadow fusion-flex-justify-content-flex-start fusion-content-layout-column\"><div class=\"fusion-text fusion-text-2\"><p>El Catecismo Familiar Nuestra Se\u00f1ora del Rosario, presentado por Regina Angelorum Press, Inc., est\u00e1 dise\u00f1ado para formar a los ni\u00f1os en la comprensi\u00f3n de las verdades salv\u00edficas de la fe cat\u00f3lica, al memorizarlas con las palabras del cl\u00e1sico catecismo de Baltimore. Las verdades de la ense\u00f1anza cat\u00f3lica son presentadas de manera sencilla por un sacerdote cuyas palabras y forma de expresarse emanan el amor de Dios. La ense\u00f1anza clara y precisa del P. Pillari se ve reforzada con im\u00e1genes sagradas y m\u00fasica maravillosamente bien elegidas. Los padres con hijos de todas las edades \u2014desde ni\u00f1os peque\u00f1os hasta adultos maduros que podr\u00edan estar luchando por creer\u2014 se sentir\u00e1n enormemente fortalecidos por esta serie de 41 videos cortos que, con todo el arte de un talentoso cineasta, capturan la imaginaci\u00f3n de los espectadores, aumentan su conocimiento y profundizan su fe en la verdad cat\u00f3lica.<\/p>\n<p style=\"font-family: Alegreya; color: rgb(104, 12, 12); letter-spacing: 0.5px;\" data-fusion-font=\"true\" data-fusion-google-font=\"Alegreya\" data-fusion-google-variant=\"700\"><b data-fusion-font=\"true\" style=\"letter-spacing: 1px;\">John Smeaton, CEO of the Society for the Protection of Unborn Children<\/b><\/p>\n<\/div><\/div><\/div><\/div><\/div><div class=\"fusion-fullwidth fullwidth-box fusion-builder-row-6 fusion-flex-container nonhundred-percent-fullwidth non-hundred-percent-height-scrolling\" style=\"--awb-border-radius-top-left:0px;--awb-border-radius-top-right:0px;--awb-border-radius-bottom-right:0px;--awb-border-radius-bottom-left:0px;--awb-padding-right:0px;--awb-padding-bottom:8%;--awb-padding-left:0px;--awb-margin-bottom:0px;--awb-flex-wrap:wrap;\" ><div class=\"fusion-builder-row fusion-row fusion-flex-align-items-flex-start fusion-flex-content-wrap\" style=\"max-width:1248px;margin-left: calc(-4% \/ 2 );margin-right: calc(-4% \/ 2 );\"><div class=\"fusion-layout-column fusion_builder_column fusion-builder-column-8 fusion_builder_column_1_3 1_3 fusion-flex-column\" style=\"--awb-padding-left:10%;--awb-bg-size:cover;--awb-width-large:33.333333333333%;--awb-margin-top-large:3.5%;--awb-spacing-right-large:8.64%;--awb-margin-bottom-large:0px;--awb-spacing-left-large:25.92%;--awb-width-medium:33.333333333333%;--awb-order-medium:0;--awb-spacing-right-medium:8.64%;--awb-spacing-left-medium:25.92%;--awb-width-small:100%;--awb-order-small:0;--awb-spacing-right-small:9.6%;--awb-spacing-left-small:1.92%;\"><div class=\"fusion-column-wrapper fusion-column-has-shadow fusion-flex-justify-content-flex-start fusion-content-layout-column\"><div class=\"fusion-image-element \" style=\"text-align:center;--awb-caption-title-font-family:var(--h2_typography-font-family);--awb-caption-title-font-weight:var(--h2_typography-font-weight);--awb-caption-title-font-style:var(--h2_typography-font-style);--awb-caption-title-size:var(--h2_typography-font-size);--awb-caption-title-transform:var(--h2_typography-text-transform);--awb-caption-title-line-height:var(--h2_typography-line-height);--awb-caption-title-letter-spacing:var(--h2_typography-letter-spacing);\"><span class=\" fusion-imageframe imageframe-none imageframe-3 hover-type-none\"><img decoding=\"async\" width=\"1000\" height=\"983\" src=\"https:\/\/olrfamilycatechism.com\/wp-content\/uploads\/2021\/10\/New-JHW.jpg\" alt class=\"img-responsive wp-image-5952\" srcset=\"https:\/\/olrfamilycatechism.com\/wp-content\/uploads\/2021\/10\/New-JHW-200x197.jpg 200w, https:\/\/olrfamilycatechism.com\/wp-content\/uploads\/2021\/10\/New-JHW-400x393.jpg 400w, https:\/\/olrfamilycatechism.com\/wp-content\/uploads\/2021\/10\/New-JHW-600x590.jpg 600w, https:\/\/olrfamilycatechism.com\/wp-content\/uploads\/2021\/10\/New-JHW-800x786.jpg 800w, https:\/\/olrfamilycatechism.com\/wp-content\/uploads\/2021\/10\/New-JHW.jpg 1000w\" sizes=\"(max-width: 640px) 100vw, 400px\" \/><\/span><\/div><\/div><\/div><div class=\"fusion-layout-column fusion_builder_column fusion-builder-column-9 fusion_builder_column_2_3 2_3 fusion-flex-column\" style=\"--awb-padding-top:3%;--awb-padding-right:17%;--awb-padding-left:0%;--awb-bg-size:cover;--awb-width-large:66.666666666667%;--awb-margin-top-large:0px;--awb-spacing-right-large:2.88%;--awb-margin-bottom-large:20px;--awb-spacing-left-large:2.88%;--awb-width-medium:66.666666666667%;--awb-order-medium:0;--awb-spacing-right-medium:2.88%;--awb-spacing-left-medium:2.88%;--awb-width-small:100%;--awb-order-small:0;--awb-spacing-right-small:1.92%;--awb-spacing-left-small:14.4%;\"><div class=\"fusion-column-wrapper fusion-column-has-shadow fusion-flex-justify-content-flex-start fusion-content-layout-column\"><div class=\"fusion-text fusion-text-3\"><p>Estoy muy emocionado con la serie del Catecismo con el P. Anthony Pillari. El P. Pillari ofrece a nuestros hijos el tesoro del Catecismo de Baltimore en un formato adecuado para padres ocupados y con un m\u00e9todo dise\u00f1ado para inculcar las ense\u00f1anzas de la Iglesia en las mentes y los corazones de nuestros peque\u00f1os. \u00bfQu\u00e9 mayor regalo puede haber en estos d\u00edas en los que la fe es tan poco conocida y amada? Que esta ofrenda de amor, dada libremente y sin costo alguno, encienda una renovaci\u00f3n de la fe, formando soldados para Cristo en los a\u00f1os venideros. Este esfuerzo ha sido una obra en honor y en uni\u00f3n con Nuestra Se\u00f1ora de F\u00e1tima, y rezamos para que Ella guarde en Su Inmaculado Coraz\u00f3n a todos estos ni\u00f1os y familias que a Ella han sido tra\u00eddos.<\/p>\n<p style=\"font-family: Alegreya; color: rgb(104, 12, 12); letter-spacing: 0.5px;\" data-fusion-font=\"true\" data-fusion-google-font=\"Alegreya\" data-fusion-google-variant=\"700\"><b data-fusion-font=\"true\" style=\"letter-spacing: 1px;\">John-Henry Westen, Co-founder and Editor-in-Chief of LifeSiteNews.com<\/b><\/p>\n<\/div><\/div><\/div><\/div><\/div><div class=\"fusion-fullwidth fullwidth-box fusion-builder-row-7 fusion-flex-container nonhundred-percent-fullwidth non-hundred-percent-height-scrolling\" style=\"--awb-border-radius-top-left:0px;--awb-border-radius-top-right:0px;--awb-border-radius-bottom-right:0px;--awb-border-radius-bottom-left:0px;--awb-padding-top:19px;--awb-margin-top:0px;--awb-background-color:#fff6e5;--awb-flex-wrap:wrap;\" ><div class=\"fusion-builder-row fusion-row fusion-flex-align-items-flex-start fusion-flex-content-wrap\" style=\"max-width:1248px;margin-left: calc(-4% \/ 2 );margin-right: calc(-4% \/ 2 );\"><div class=\"fusion-layout-column fusion_builder_column fusion-builder-column-10 fusion_builder_column_1_1 1_1 fusion-flex-column\" style=\"--awb-padding-top:3.5%;--awb-padding-bottom:3%;--awb-bg-size:cover;--awb-width-large:100%;--awb-margin-top-large:0px;--awb-spacing-right-large:1.92%;--awb-margin-bottom-large:0px;--awb-spacing-left-large:1.92%;--awb-width-medium:100%;--awb-order-medium:0;--awb-spacing-right-medium:1.92%;--awb-spacing-left-medium:1.92%;--awb-width-small:100%;--awb-order-small:0;--awb-spacing-right-small:1.92%;--awb-spacing-left-small:1.92%;\"><div class=\"fusion-column-wrapper fusion-column-has-shadow fusion-flex-justify-content-flex-start fusion-content-layout-column\"><div class=\"fusion-image-element \" style=\"text-align:center;--awb-caption-title-font-family:var(--h2_typography-font-family);--awb-caption-title-font-weight:var(--h2_typography-font-weight);--awb-caption-title-font-style:var(--h2_typography-font-style);--awb-caption-title-size:var(--h2_typography-font-size);--awb-caption-title-transform:var(--h2_typography-text-transform);--awb-caption-title-line-height:var(--h2_typography-line-height);--awb-caption-title-letter-spacing:var(--h2_typography-letter-spacing);\"><span class=\" fusion-imageframe imageframe-none imageframe-4 hover-type-none\"><a class=\"fusion-no-lightbox\" href=\"https:\/\/reginangelorumpress.com\/\" target=\"_blank\" aria-label=\"ReginaAngelorumLOGO-01 Burgandy\" rel=\"noopener noreferrer\"><img decoding=\"async\" width=\"300\" height=\"243\" src=\"https:\/\/olrfamilycatechism.com\/wp-content\/uploads\/2024\/08\/ReginaAngelorumLOGO-01-Burgandy-300x243.png\" alt class=\"img-responsive wp-image-7322\" srcset=\"https:\/\/olrfamilycatechism.com\/wp-content\/uploads\/2024\/08\/ReginaAngelorumLOGO-01-Burgandy-200x162.png 200w, https:\/\/olrfamilycatechism.com\/wp-content\/uploads\/2024\/08\/ReginaAngelorumLOGO-01-Burgandy-400x324.png 400w, https:\/\/olrfamilycatechism.com\/wp-content\/uploads\/2024\/08\/ReginaAngelorumLOGO-01-Burgandy-600x486.png 600w, https:\/\/olrfamilycatechism.com\/wp-content\/uploads\/2024\/08\/ReginaAngelorumLOGO-01-Burgandy-800x647.png 800w, https:\/\/olrfamilycatechism.com\/wp-content\/uploads\/2024\/08\/ReginaAngelorumLOGO-01-Burgandy.png 1138w\" sizes=\"(max-width: 640px) 100vw, 300px\" \/><\/a><\/span><\/div><\/div><\/div><\/div><\/div><\/p>\n","protected":false},"excerpt":{"rendered":"","protected":false},"author":6,"featured_media":0,"parent":0,"menu_order":0,"comment_status":"closed","ping_status":"closed","template":"100-width.php","meta":{"give_campaign_id":0,"footnotes":""},"class_list":["post-7395","page","type-page","status-publish","hentry"],"campaignId":"","_links":{"self":[{"href":"https:\/\/olrfamilycatechism.com\/es\/wp-json\/wp\/v2\/pages\/7395","targetHints":{"allow":["GET"]}}],"collection":[{"href":"https:\/\/olrfamilycatechism.com\/es\/wp-json\/wp\/v2\/pages"}],"about":[{"href":"https:\/\/olrfamilycatechism.com\/es\/wp-json\/wp\/v2\/types\/page"}],"author":[{"embeddable":true,"href":"https:\/\/olrfamilycatechism.com\/es\/wp-json\/wp\/v2\/users\/6"}],"replies":[{"embeddable":true,"href":"https:\/\/olrfamilycatechism.com\/es\/wp-json\/wp\/v2\/comments?post=7395"}],"version-history":[{"count":0,"href":"https:\/\/olrfamilycatechism.com\/es\/wp-json\/wp\/v2\/pages\/7395\/revisions"}],"wp:attachment":[{"href":"https:\/\/olrfamilycatechism.com\/es\/wp-json\/wp\/v2\/media?parent=7395"}],"curies":[{"name":"wp","href":"https:\/\/api.w.org\/{rel}","templated":true}]}}