{"id":7398,"date":"2021-10-06T14:33:58","date_gmt":"2021-10-06T18:33:58","guid":{"rendered":"https:\/\/olrfamilycatechism.com\/faq-2\/"},"modified":"2026-04-01T10:40:26","modified_gmt":"2026-04-01T14:40:26","slug":"faq-2","status":"publish","type":"page","link":"https:\/\/olrfamilycatechism.com\/es\/faq-2\/","title":{"rendered":"Preguntas frecuentes"},"content":{"rendered":"<p><div class=\"fusion-fullwidth fullwidth-box fusion-builder-row-1 fusion-flex-container nonhundred-percent-fullwidth non-hundred-percent-height-scrolling\" style=\"--awb-border-radius-top-left:0px;--awb-border-radius-top-right:0px;--awb-border-radius-bottom-right:0px;--awb-border-radius-bottom-left:0px;--awb-flex-wrap:wrap;\" ><div class=\"fusion-builder-row fusion-row fusion-flex-align-items-flex-start fusion-flex-content-wrap\" style=\"max-width:1248px;margin-left: calc(-4% \/ 2 );margin-right: calc(-4% \/ 2 );\"><div class=\"fusion-layout-column fusion_builder_column fusion-builder-column-0 fusion_builder_column_1_1 1_1 fusion-flex-column\" style=\"--awb-padding-top:10px;--awb-bg-size:cover;--awb-width-large:100%;--awb-margin-top-large:0px;--awb-spacing-right-large:1.92%;--awb-margin-bottom-large:20px;--awb-spacing-left-large:1.92%;--awb-width-medium:100%;--awb-order-medium:0;--awb-spacing-right-medium:1.92%;--awb-spacing-left-medium:1.92%;--awb-width-small:100%;--awb-order-small:0;--awb-spacing-right-small:1.92%;--awb-spacing-left-small:1.92%;\"><div class=\"fusion-column-wrapper fusion-column-has-shadow fusion-flex-justify-content-flex-start fusion-content-layout-column\"><div class=\"fusion-text fusion-text-1\"><h2 class=\"fusion-responsive-typography-calculated\" style=\"text-align: center; --fontsize: 40; line-height: 1.2;\" data-fontsize=\"40\" data-lineheight=\"48px\">Preguntas Frecuentes<\/h2>\n<\/div><\/div><\/div><\/div><\/div><div class=\"fusion-fullwidth fullwidth-box fusion-builder-row-2 fusion-flex-container nonhundred-percent-fullwidth non-hundred-percent-height-scrolling\" style=\"--awb-border-radius-top-left:0px;--awb-border-radius-top-right:0px;--awb-border-radius-bottom-right:0px;--awb-border-radius-bottom-left:0px;--awb-flex-wrap:wrap;\" ><div class=\"fusion-builder-row fusion-row fusion-flex-align-items-flex-start fusion-flex-content-wrap\" style=\"max-width:1248px;margin-left: calc(-4% \/ 2 );margin-right: calc(-4% \/ 2 );\"><div class=\"fusion-layout-column fusion_builder_column fusion-builder-column-1 fusion_builder_column_1_1 1_1 fusion-flex-column fusion-flex-align-self-flex-start\" style=\"--awb-padding-bottom:5%;--awb-bg-size:cover;--awb-width-large:100%;--awb-margin-top-large:10px;--awb-spacing-right-large:4.8%;--awb-margin-bottom-large:20px;--awb-spacing-left-large:4.8%;--awb-width-medium:100%;--awb-order-medium:0;--awb-spacing-right-medium:4.8%;--awb-spacing-left-medium:4.8%;--awb-width-small:100%;--awb-order-small:0;--awb-spacing-right-small:1.92%;--awb-spacing-left-small:1.92%;\"><div class=\"fusion-column-wrapper fusion-column-has-shadow fusion-flex-justify-content-flex-start fusion-content-layout-column\"><div class=\"accordian fusion-accordian\" style=\"--awb-border-size:1px;--awb-icon-size:16px;--awb-content-font-size:17px;--awb-icon-alignment:left;--awb-hover-color:#fffcfc;--awb-border-color:#e2e2e2;--awb-background-color:#fff3d6;--awb-divider-color:#7bb3af;--awb-divider-hover-color:#7bb3af;--awb-icon-color:#ffffff;--awb-title-color:#212934;--awb-content-color:#454545;--awb-icon-box-color:#212934;--awb-toggle-hover-accent-color:#930227;--awb-title-font-family:&quot;Alegreya&quot;;--awb-title-font-weight:regular;--awb-title-font-style:normal;--awb-content-font-family:&quot;Alegreya&quot;;--awb-content-font-style:normal;--awb-content-font-weight:regular;\"><div class=\"panel-group fusion-toggle-icon-boxed\" id=\"accordion-7398-1\"><div class=\"fusion-panel panel-default panel-8a7aa38af9d9d7bbd fusion-toggle-no-divider fusion-toggle-boxed-mode\"><div class=\"panel-heading\"><h4 class=\"panel-title toggle\" id=\"toggle_8a7aa38af9d9d7bbd\"><a aria-expanded=\"false\" aria-controls=\"8a7aa38af9d9d7bbd\" role=\"button\" data-toggle=\"collapse\" data-parent=\"#accordion-7398-1\" data-target=\"#8a7aa38af9d9d7bbd\" href=\"#8a7aa38af9d9d7bbd\"><span class=\"fusion-toggle-icon-wrapper\" aria-hidden=\"true\"><i class=\"fa-fusion-box active-icon awb-icon-minus\" aria-hidden=\"true\"><\/i><i class=\"fa-fusion-box inactive-icon awb-icon-plus\" aria-hidden=\"true\"><\/i><\/span><span class=\"fusion-toggle-heading\">P. \u00bfCu\u00e1nto cuesta el curso del Catecismo Familiar Nuestra Se\u00f1ora del Rosario?<\/span><\/a><\/h4><\/div><div id=\"8a7aa38af9d9d7bbd\" class=\"panel-collapse collapse \" aria-labelledby=\"toggle_8a7aa38af9d9d7bbd\"><div class=\"panel-body toggle-content fusion-clearfix\">\n<p style=\"font-family: 'Spectral SC'; font-weight: 200;\" data-fusion-font=\"true\" data-fusion-google-font=\"Spectral SC\" data-fusion-google-variant=\"200\"><span style=\"font-family: Alegreya; font-weight: 400;\" data-fusion-font=\"true\" data-fusion-google-font=\"Alegreya\" data-fusion-google-variant=\"400\"><span style=\"font-size: 16px;\" data-fusion-font=\"true\">El Catecismo Familiar Nuestra Se\u00f1ora del Rosario se ofrece sin costo <\/span><span style=\"font-family: Alegreya; font-weight: 400; font-size: 16px;\" data-fusion-font=\"true\" data-fusion-google-font=\"Alegreya\" data-fusion-google-variant=\"400\">para todas las familias y ni\u00f1os, en todo el mundo. El \u00fanico costo ser\u00e1 su disposici\u00f3n a hacer los sacrificios necesarios para aprender el catecismo y perseverar a lo largo de todo el curso. <\/span><\/span><\/p>\n<p style=\"font-family: Alegreya; font-weight: 400; font-size: 16px;\" data-fusion-font=\"true\" data-fusion-google-font=\"Alegreya\" data-fusion-google-variant=\"400\">Sin embargo, la producci\u00f3n del curso conlleva costos reales. Por lo tanto, si desea hacer una donaci\u00f3n para el Catecismo Familiar Nuestra Se\u00f1ora del Rosario, le estar\u00edamos muy agradecidos. Puede encontrar m\u00e1s detalles en nuestra p\u00e1gina de donaciones.<\/p>\n<\/div><\/div><\/div><div class=\"fusion-panel panel-default panel-3c4ddec5365b0a6e7 fusion-toggle-no-divider fusion-toggle-boxed-mode\"><div class=\"panel-heading\"><h4 class=\"panel-title toggle\" id=\"toggle_3c4ddec5365b0a6e7\"><a aria-expanded=\"false\" aria-controls=\"3c4ddec5365b0a6e7\" role=\"button\" data-toggle=\"collapse\" data-parent=\"#accordion-7398-1\" data-target=\"#3c4ddec5365b0a6e7\" href=\"#3c4ddec5365b0a6e7\"><span class=\"fusion-toggle-icon-wrapper\" aria-hidden=\"true\"><i class=\"fa-fusion-box active-icon awb-icon-minus\" aria-hidden=\"true\"><\/i><i class=\"fa-fusion-box inactive-icon awb-icon-plus\" aria-hidden=\"true\"><\/i><\/span><span class=\"fusion-toggle-heading\">P. \u00bfQui\u00e9n puede participar en el curso? <\/span><\/a><\/h4><\/div><div id=\"3c4ddec5365b0a6e7\" class=\"panel-collapse collapse \" aria-labelledby=\"toggle_3c4ddec5365b0a6e7\"><div class=\"panel-body toggle-content fusion-clearfix\">\n<p><span style=\"font-family: Alegreya; font-weight: 400; font-size: 16px;\" data-fusion-font=\"true\" data-fusion-google-font=\"Alegreya\" data-fusion-google-variant=\"400\">Aunque los videos han sido creados pensando en los ni\u00f1os, el curso es para toda la familia. Por lo tanto, se anima a ni\u00f1os de todas las edades \u2014\u00a1as\u00ed como a los padres!\u2014 a participar juntos en el curso, para que los padres, como educadores principales, puedan estar preparados para catequizar a sus hijos. Los adultos que deseen aprender las ense\u00f1anzas b\u00e1sicas de la fe cat\u00f3lica tambi\u00e9n pueden encontrar beneficioso el curso. El Catecismo Familiar Nuestra Se\u00f1ora del Rosario est\u00e1 dise\u00f1ado para ser verdaderamente una cruzada para aprender a fondo lo esencial de la fe cat\u00f3lica, de modo que la ignorancia de estas verdades salv\u00edficas pueda ser vencida.<\/span><\/p>\n<\/div><\/div><\/div><div class=\"fusion-panel panel-default panel-5f1622f95ce008c44 fusion-toggle-no-divider fusion-toggle-boxed-mode\"><div class=\"panel-heading\"><h4 class=\"panel-title toggle\" id=\"toggle_5f1622f95ce008c44\"><a aria-expanded=\"false\" aria-controls=\"5f1622f95ce008c44\" role=\"button\" data-toggle=\"collapse\" data-parent=\"#accordion-7398-1\" data-target=\"#5f1622f95ce008c44\" href=\"#5f1622f95ce008c44\"><span class=\"fusion-toggle-icon-wrapper\" aria-hidden=\"true\"><i class=\"fa-fusion-box active-icon awb-icon-minus\" aria-hidden=\"true\"><\/i><i class=\"fa-fusion-box inactive-icon awb-icon-plus\" aria-hidden=\"true\"><\/i><\/span><span class=\"fusion-toggle-heading\">P. \u00bfQu\u00e9 estructura y forma tiene el curso del Catecismo Familiar Nuestra Se\u00f1ora del Rosario? <\/span><\/a><\/h4><\/div><div id=\"5f1622f95ce008c44\" class=\"panel-collapse collapse \" aria-labelledby=\"toggle_5f1622f95ce008c44\"><div class=\"panel-body toggle-content fusion-clearfix\">\n<p style=\"font-family: Alegreya; font-weight: 400; font-size: 16px;\" data-fusion-font=\"true\" data-fusion-google-font=\"Alegreya\" data-fusion-google-variant=\"400\">La ense\u00f1anza principal se presenta en 41 videos en l\u00ednea: 3 videos introductorios, 37 videos con contenido de las lecciones y 1 video de cierre. El contenido de las 37 lecciones sigue la estructura del Catecismo de Baltimore, el cual ha sido cubierto en su totalidad. De las 421 preguntas y respuestas contenidas en el Catecismo de Baltimore, se han seleccionado 404 para ser incluidas en el Catecismo Familiar Nuestra Se\u00f1ora del Rosario.<\/p>\n<p style=\"font-family: Alegreya; font-weight: 400; font-size: 16px;\" data-fusion-font=\"true\" data-fusion-google-font=\"Alegreya\" data-fusion-google-variant=\"400\">Cada lecci\u00f3n en video comienza con la oraci\u00f3n que Nuestra Se\u00f1ora ense\u00f1\u00f3 a los ni\u00f1os de F\u00e1tima y una breve historia de la Biblia, normalmente tomada del Evangelio. A esto le sigue la presentaci\u00f3n de las preguntas y respuestas del Catecismo de Baltimore 1 y 2, bas\u00e1ndose tambi\u00e9n en la ense\u00f1anza proporcionada en el Catecismo de Baltimore 4. Cada lecci\u00f3n finaliza introduciendo a los ni\u00f1os en la vida de un Santo o en otro milagro de la historia de la Iglesia Cat\u00f3lica, como un milagro Eucar\u00edstico.<\/p>\n<\/div><\/div><\/div><div class=\"fusion-panel panel-default panel-99474079d77f13664 fusion-toggle-no-divider fusion-toggle-boxed-mode\"><div class=\"panel-heading\"><h4 class=\"panel-title toggle\" id=\"toggle_99474079d77f13664\"><a aria-expanded=\"false\" aria-controls=\"99474079d77f13664\" role=\"button\" data-toggle=\"collapse\" data-parent=\"#accordion-7398-1\" data-target=\"#99474079d77f13664\" href=\"#99474079d77f13664\"><span class=\"fusion-toggle-icon-wrapper\" aria-hidden=\"true\"><i class=\"fa-fusion-box active-icon awb-icon-minus\" aria-hidden=\"true\"><\/i><i class=\"fa-fusion-box inactive-icon awb-icon-plus\" aria-hidden=\"true\"><\/i><\/span><span class=\"fusion-toggle-heading\">P. \u00bfQu\u00e9 es el Catecismo de Baltimore?<\/span><\/a><\/h4><\/div><div id=\"99474079d77f13664\" class=\"panel-collapse collapse \" aria-labelledby=\"toggle_99474079d77f13664\"><div class=\"panel-body toggle-content fusion-clearfix\">\n<p><span style=\"font-family: Alegreya; font-weight: 400; font-size: 16px;\" data-fusion-font=\"true\" data-fusion-google-font=\"Alegreya\" data-fusion-google-variant=\"400\">El Catecismo de Baltimore es un catecismo de la doctrina cristiana que fue preparado y ordenado por el Tercer Concilio Plenario de Baltimore. A partir de 1885, fue el catecismo est\u00e1ndar utilizado en la ense\u00f1anza de la fe cat\u00f3lica en toda Am\u00e9rica del Norte. Desde entonces ha sido utilizado por los cat\u00f3licos en todo el mundo para catequizar a sus hijos. <\/span><\/p>\n<\/div><\/div><\/div><div class=\"fusion-panel panel-default panel-db57049b18f53f3dd fusion-toggle-no-divider fusion-toggle-boxed-mode\"><div class=\"panel-heading\"><h4 class=\"panel-title toggle\" id=\"toggle_db57049b18f53f3dd\"><a aria-expanded=\"false\" aria-controls=\"db57049b18f53f3dd\" role=\"button\" data-toggle=\"collapse\" data-parent=\"#accordion-7398-1\" data-target=\"#db57049b18f53f3dd\" href=\"#db57049b18f53f3dd\"><span class=\"fusion-toggle-icon-wrapper\" aria-hidden=\"true\"><i class=\"fa-fusion-box active-icon awb-icon-minus\" aria-hidden=\"true\"><\/i><i class=\"fa-fusion-box inactive-icon awb-icon-plus\" aria-hidden=\"true\"><\/i><\/span><span class=\"fusion-toggle-heading\">P. \u00bfQu\u00e9 son la Cruzada del Catecismo y el sistema de recompensas?<\/span><\/a><\/h4><\/div><div id=\"db57049b18f53f3dd\" class=\"panel-collapse collapse \" aria-labelledby=\"toggle_db57049b18f53f3dd\"><div class=\"panel-body toggle-content fusion-clearfix\">\n<p style=\"font-family: Alegreya; font-weight: 400; font-size: 16px;\" data-fusion-font=\"true\" data-fusion-google-font=\"Alegreya\" data-fusion-google-variant=\"400\">Se anima encarecidamente a todos los ni\u00f1os que siguen el Catecismo Familiar Nuestra Se\u00f1ora del Rosario a participar en la Cruzada del Catecismo. Esto implica memorizar las respuestas a las preguntas ense\u00f1adas en el Catecismo Familiar Nuestra Se\u00f1ora del Rosario, las cuales est\u00e1n basadas en el Catecismo de Baltimore.<\/p>\n<p style=\"font-family: Alegreya; font-weight: 400; font-size: 16px;\" data-fusion-font=\"true\" data-fusion-google-font=\"Alegreya\" data-fusion-google-variant=\"400\">Hemos proporcionado paquetes de actividades complementarias de la Cruzada del Catecismo para cada lecci\u00f3n, las cuales esperamos que ofrezcan actividades para diferentes edades y habilidades, para ser realizadas de forma individual o en familia, con el fin de ayudar a los ni\u00f1os y a las familias a interiorizar y memorizar estas verdades de la fe cat\u00f3lica.<\/p>\n<p style=\"font-family: Alegreya; font-weight: 400; font-size: 16px;\" data-fusion-font=\"true\" data-fusion-google-font=\"Alegreya\" data-fusion-google-variant=\"400\">Para incentivar la Cruzada del Catecismo y animar a los ni\u00f1os a participar en la memorizaci\u00f3n del Catecismo de Baltimore, existe un sistema de recompensas para cualquiera que participe en el curso. Se anima a los padres a hacer un seguimiento del progreso de sus hijos, y se otorgar\u00e1n certificados cuando los ni\u00f1os alcancen un cierto nivel de cruzado por Cristo.<\/p>\n<\/div><\/div><\/div><div class=\"fusion-panel panel-default panel-e0a1df75f6208ce05 fusion-toggle-no-divider fusion-toggle-boxed-mode\" style=\"--awb-title-color:#212934;--awb-content-color:#454545;\"><div class=\"panel-heading\"><h4 class=\"panel-title toggle\" id=\"toggle_e0a1df75f6208ce05\"><a aria-expanded=\"false\" aria-controls=\"e0a1df75f6208ce05\" role=\"button\" data-toggle=\"collapse\" data-parent=\"#accordion-7398-1\" data-target=\"#e0a1df75f6208ce05\" href=\"#e0a1df75f6208ce05\"><span class=\"fusion-toggle-icon-wrapper\" aria-hidden=\"true\"><i class=\"fa-fusion-box active-icon awb-icon-minus\" aria-hidden=\"true\"><\/i><i class=\"fa-fusion-box inactive-icon awb-icon-plus\" aria-hidden=\"true\"><\/i><\/span><span class=\"fusion-toggle-heading\">P. \u00bfD\u00f3nde puedo informarme con m\u00e1s detalle sobre el contenido del Catecismo Familiar Nuestra Se\u00f1ora del Rosario, la Cruzada del Catecismo y el sistema de recompensas?<\/span><\/a><\/h4><\/div><div id=\"e0a1df75f6208ce05\" class=\"panel-collapse collapse \" aria-labelledby=\"toggle_e0a1df75f6208ce05\"><div class=\"panel-body toggle-content fusion-clearfix\">\n<p style=\"font-family: Alegreya; font-weight: 400; font-size: 16px;\" data-fusion-font=\"true\" data-fusion-google-font=\"Alegreya\" data-fusion-google-variant=\"400\">Puede informarse con m\u00e1s detalle sobre el contenido del Catecismo Familiar Nuestra Se\u00f1ora del Rosario, la Cruzada del Catecismo y el sistema de recompensas en el <a href=\"https:\/\/olrfamilycatechism.com\/wp-content\/uploads\/2025\/12\/NSRCF-Paquete-de-Information.pdf\"><strong>paquete de infor<\/strong><\/a><strong>maci\u00f3n<\/strong> proporcionado.<\/p>\n<\/div><\/div><\/div><div class=\"fusion-panel panel-default panel-2503dd0f46524e207 fusion-toggle-no-divider fusion-toggle-boxed-mode\"><div class=\"panel-heading\"><h4 class=\"panel-title toggle\" id=\"toggle_2503dd0f46524e207\"><a aria-expanded=\"false\" aria-controls=\"2503dd0f46524e207\" role=\"button\" data-toggle=\"collapse\" data-parent=\"#accordion-7398-1\" data-target=\"#2503dd0f46524e207\" href=\"#2503dd0f46524e207\"><span class=\"fusion-toggle-icon-wrapper\" aria-hidden=\"true\"><i class=\"fa-fusion-box active-icon awb-icon-minus\" aria-hidden=\"true\"><\/i><i class=\"fa-fusion-box inactive-icon awb-icon-plus\" aria-hidden=\"true\"><\/i><\/span><span class=\"fusion-toggle-heading\">P. \u00bfPuede el Catecismo Familiar Nuestra Se\u00f1ora del Rosario reemplazar la catequesis ofrecida en nuestra parroquia?<\/span><\/a><\/h4><\/div><div id=\"2503dd0f46524e207\" class=\"panel-collapse collapse \" aria-labelledby=\"toggle_2503dd0f46524e207\"><div class=\"panel-body toggle-content fusion-clearfix\">\n<p style=\"font-family: Alegreya; font-weight: 400; font-size: 16px;\" data-fusion-font=\"true\" data-fusion-google-font=\"Alegreya\" data-fusion-google-variant=\"400\">El prop\u00f3sito del Catecismo Familiar Nuestra Se\u00f1ora del Rosario <i>no<\/i> es reemplazar la formaci\u00f3n catequ\u00e9tica proporcionada por el p\u00e1rroco de una parroquia, quien, \u00aben virtud de su oficio&#8230; est\u00e1 obligado a cuidar de la formaci\u00f3n catequ\u00e9tica de los adultos, de los j\u00f3venes y de los ni\u00f1os\u00bb (Can. 776), \u00ab&#8230;ofreciendo la instrucci\u00f3n catequ\u00e9tica&#8230; [y que] ha de tener un cuidado particular por la educaci\u00f3n cat\u00f3lica de los ni\u00f1os y de los j\u00f3venes\u00bb (Can. 528 \u00a71).<\/p>\n<p style=\"font-family: Alegreya; font-weight: 400; font-size: 16px;\" data-fusion-font=\"true\" data-fusion-google-font=\"Alegreya\" data-fusion-google-variant=\"400\">El Catecismo Familiar Nuestra Se\u00f1ora del Rosario busca proporcionar y poner a disposici\u00f3n las ense\u00f1anzas atemporales y tradicionales de la fe cat\u00f3lica, as\u00ed como el ejemplo dado por las vidas de los Santos, de una manera f\u00e1cilmente accesible para los ni\u00f1os, para que los padres puedan ser apoyados en su papel como educadores principales de sus hijos.<br \/>\n\u00abPor haber dado la vida a sus hijos, los padres tienen la grav\u00edsima obligaci\u00f3n y el derecho de educarlos. Por tanto, corresponde de modo especial a los padres cristianos cuidar de la educaci\u00f3n cristiana de sus hijos seg\u00fan la doctrina transmitida por la Iglesia.\u00bb (Can. 226 \u00a72)<\/p>\n<\/div><\/div><\/div><div class=\"fusion-panel panel-default panel-cd5e935a1d1150e34 fusion-toggle-no-divider fusion-toggle-boxed-mode\" style=\"--awb-title-color:#212934;--awb-content-color:#454545;\"><div class=\"panel-heading\"><h4 class=\"panel-title toggle\" id=\"toggle_cd5e935a1d1150e34\"><a aria-expanded=\"false\" aria-controls=\"cd5e935a1d1150e34\" role=\"button\" data-toggle=\"collapse\" data-parent=\"#accordion-7398-1\" data-target=\"#cd5e935a1d1150e34\" href=\"#cd5e935a1d1150e34\"><span class=\"fusion-toggle-icon-wrapper\" aria-hidden=\"true\"><i class=\"fa-fusion-box active-icon awb-icon-minus\" aria-hidden=\"true\"><\/i><i class=\"fa-fusion-box inactive-icon awb-icon-plus\" aria-hidden=\"true\"><\/i><\/span><span class=\"fusion-toggle-heading\">P. \u00bfD\u00f3nde puedo encontrar folletos u otros medios para ayudar a difundir la informaci\u00f3n?<\/span><\/a><\/h4><\/div><div id=\"cd5e935a1d1150e34\" class=\"panel-collapse collapse \" aria-labelledby=\"toggle_cd5e935a1d1150e34\"><div class=\"panel-body toggle-content fusion-clearfix\"><a href=\"https:\/\/reginangelorumpress.com\/spreadthemessage\/\" target=\"_blank\" rel=\"noopener\"><strong>Este enlace<\/strong><\/a> contiene recursos para descargar y compartir con sus parroquias, grupos de homeschool, comunidades cat\u00f3licas, as\u00ed como con su familia y amigos.<\/div><\/div><\/div><\/div><\/div><\/div><\/div><\/div><\/div><div class=\"fusion-fullwidth fullwidth-box fusion-builder-row-3 fusion-flex-container nonhundred-percent-fullwidth non-hundred-percent-height-scrolling\" style=\"--awb-border-radius-top-left:0px;--awb-border-radius-top-right:0px;--awb-border-radius-bottom-right:0px;--awb-border-radius-bottom-left:0px;--awb-padding-top:19px;--awb-margin-top:0px;--awb-background-color:#fff6e5;--awb-flex-wrap:wrap;\" ><div class=\"fusion-builder-row fusion-row fusion-flex-align-items-flex-start fusion-flex-content-wrap\" style=\"max-width:1248px;margin-left: calc(-4% \/ 2 );margin-right: calc(-4% \/ 2 );\"><div class=\"fusion-layout-column fusion_builder_column fusion-builder-column-2 fusion_builder_column_1_1 1_1 fusion-flex-column\" style=\"--awb-padding-top:3.5%;--awb-padding-bottom:3%;--awb-bg-size:cover;--awb-width-large:100%;--awb-margin-top-large:0px;--awb-spacing-right-large:1.92%;--awb-margin-bottom-large:0px;--awb-spacing-left-large:1.92%;--awb-width-medium:100%;--awb-order-medium:0;--awb-spacing-right-medium:1.92%;--awb-spacing-left-medium:1.92%;--awb-width-small:100%;--awb-order-small:0;--awb-spacing-right-small:1.92%;--awb-spacing-left-small:1.92%;\"><div class=\"fusion-column-wrapper fusion-column-has-shadow fusion-flex-justify-content-flex-start fusion-content-layout-column\"><div class=\"fusion-image-element \" style=\"text-align:center;--awb-caption-title-font-family:var(--h2_typography-font-family);--awb-caption-title-font-weight:var(--h2_typography-font-weight);--awb-caption-title-font-style:var(--h2_typography-font-style);--awb-caption-title-size:var(--h2_typography-font-size);--awb-caption-title-transform:var(--h2_typography-text-transform);--awb-caption-title-line-height:var(--h2_typography-line-height);--awb-caption-title-letter-spacing:var(--h2_typography-letter-spacing);\"><span class=\" fusion-imageframe imageframe-none imageframe-1 hover-type-none\"><a class=\"fusion-no-lightbox\" href=\"https:\/\/reginangelorumpress.com\/\" target=\"_blank\" aria-label=\"RAI Logo\" rel=\"noopener noreferrer\"><img decoding=\"async\" width=\"232\" height=\"300\" src=\"https:\/\/olrfamilycatechism.com\/wp-content\/uploads\/2026\/04\/RAI-Logo-1-232x300.png\" alt class=\"img-responsive wp-image-8642\" srcset=\"https:\/\/olrfamilycatechism.com\/wp-content\/uploads\/2026\/04\/RAI-Logo-1-200x259.png 200w, https:\/\/olrfamilycatechism.com\/wp-content\/uploads\/2026\/04\/RAI-Logo-1-400x518.png 400w, https:\/\/olrfamilycatechism.com\/wp-content\/uploads\/2026\/04\/RAI-Logo-1-600x776.png 600w, https:\/\/olrfamilycatechism.com\/wp-content\/uploads\/2026\/04\/RAI-Logo-1-800x1035.png 800w, https:\/\/olrfamilycatechism.com\/wp-content\/uploads\/2026\/04\/RAI-Logo-1-1200x1553.png 1200w\" sizes=\"(max-width: 640px) 100vw, 1200px\" \/><\/a><\/span><\/div><\/div><\/div><\/div><\/div><\/p>\n","protected":false},"excerpt":{"rendered":"","protected":false},"author":6,"featured_media":0,"parent":0,"menu_order":0,"comment_status":"closed","ping_status":"closed","template":"100-width.php","meta":{"give_campaign_id":0,"footnotes":""},"class_list":["post-7398","page","type-page","status-publish","hentry"],"campaignId":"","_links":{"self":[{"href":"https:\/\/olrfamilycatechism.com\/es\/wp-json\/wp\/v2\/pages\/7398","targetHints":{"allow":["GET"]}}],"collection":[{"href":"https:\/\/olrfamilycatechism.com\/es\/wp-json\/wp\/v2\/pages"}],"about":[{"href":"https:\/\/olrfamilycatechism.com\/es\/wp-json\/wp\/v2\/types\/page"}],"author":[{"embeddable":true,"href":"https:\/\/olrfamilycatechism.com\/es\/wp-json\/wp\/v2\/users\/6"}],"replies":[{"embeddable":true,"href":"https:\/\/olrfamilycatechism.com\/es\/wp-json\/wp\/v2\/comments?post=7398"}],"version-history":[{"count":0,"href":"https:\/\/olrfamilycatechism.com\/es\/wp-json\/wp\/v2\/pages\/7398\/revisions"}],"wp:attachment":[{"href":"https:\/\/olrfamilycatechism.com\/es\/wp-json\/wp\/v2\/media?parent=7398"}],"curies":[{"name":"wp","href":"https:\/\/api.w.org\/{rel}","templated":true}]}}