{"id":7407,"date":"2020-10-01T10:56:30","date_gmt":"2020-10-01T14:56:30","guid":{"rendered":"https:\/\/olrfamilycatechism.com\/privacidad\/"},"modified":"2025-09-18T07:43:10","modified_gmt":"2025-09-18T11:43:10","slug":"privacidad","status":"publish","type":"page","link":"https:\/\/olrfamilycatechism.com\/es\/privacidad\/","title":{"rendered":"Privacidad"},"content":{"rendered":"<p><div class=\"fusion-fullwidth fullwidth-box fusion-builder-row-1 fusion-flex-container nonhundred-percent-fullwidth non-hundred-percent-height-scrolling\" style=\"--awb-border-radius-top-left:0px;--awb-border-radius-top-right:0px;--awb-border-radius-bottom-right:0px;--awb-border-radius-bottom-left:0px;--awb-flex-wrap:wrap;\" ><div class=\"fusion-builder-row fusion-row fusion-flex-align-items-flex-start fusion-flex-content-wrap\" style=\"max-width:1248px;margin-left: calc(-4% \/ 2 );margin-right: calc(-4% \/ 2 );\"><div class=\"fusion-layout-column fusion_builder_column fusion-builder-column-0 fusion_builder_column_1_1 1_1 fusion-flex-column\" style=\"--awb-bg-size:cover;--awb-width-large:100%;--awb-margin-top-large:0px;--awb-spacing-right-large:1.92%;--awb-margin-bottom-large:20px;--awb-spacing-left-large:1.92%;--awb-width-medium:100%;--awb-order-medium:0;--awb-spacing-right-medium:1.92%;--awb-spacing-left-medium:1.92%;--awb-width-small:100%;--awb-order-small:0;--awb-spacing-right-small:1.92%;--awb-spacing-left-small:1.92%;\"><div class=\"fusion-column-wrapper fusion-column-has-shadow fusion-flex-justify-content-flex-start fusion-content-layout-column\"><div class=\"fusion-text fusion-text-1\"><h2 style=\"text-align: center; --fontSize:40; line-height: 1.2;\" data-fontsize=\"40\" data-lineheight=\"48px\" class=\"fusion-responsive-typography-calculated\">Privacidad<\/h2>\n<p style=\"text-align: center;\">Voz de la Familia es <a href=\"https:\/\/voiceofthefamily.com\/about\/\" target=\"_blank\" rel=\"noopener noreferrer\">una coalici\u00f3n de organizaciones pro-vida y pro-familia<\/a> cuyo trabajo se lleva a cabo a trav\u00e9s de la Sociedad para la Protecci\u00f3n de los Ni\u00f1os No Nacidos (SPUC Pro-Life Ltd), una empresa registrada en Inglaterra y Gales. Voz de la Familia opera bajo la pol\u00edtica de privacidad de <a class=\"broken_link\" href=\"https:\/\/www.spuc.org.uk\/Get-Involved\/Privacy-Policy\" target=\"_blank\" rel=\"noopener noreferrer\">SPUC, la cual est\u00e1 disponible aqu\u00ed.<\/a>  <\/p>\n<p style=\"text-align: center;\">Nunca venderemos ni intercambiaremos tus datos y puedes solicitar ser eliminado de las listas de contacto en cualquier momento, enviando un correo electr\u00f3nico a enquiry@voiceofthefamily.com o llamando al +44 20 7820 3126.<\/p><\/p>\n<\/div><\/div><\/div><\/div><\/div><div class=\"fusion-fullwidth fullwidth-box fusion-builder-row-2 fusion-flex-container nonhundred-percent-fullwidth non-hundred-percent-height-scrolling\" style=\"--awb-border-radius-top-left:0px;--awb-border-radius-top-right:0px;--awb-border-radius-bottom-right:0px;--awb-border-radius-bottom-left:0px;--awb-padding-left:0px;--awb-background-color:#fff6e5;--awb-flex-wrap:wrap;\" ><div class=\"fusion-builder-row fusion-row fusion-flex-align-items-flex-start fusion-flex-content-wrap\" style=\"max-width:1248px;margin-left: calc(-4% \/ 2 );margin-right: calc(-4% \/ 2 );\"><div class=\"fusion-layout-column fusion_builder_column fusion-builder-column-1 fusion_builder_column_1_2 1_2 fusion-flex-column\" style=\"--awb-padding-top:15px;--awb-bg-size:cover;--awb-width-large:50%;--awb-margin-top-large:10px;--awb-spacing-right-large:0%;--awb-margin-bottom-large:0px;--awb-spacing-left-large:19.2%;--awb-width-medium:50%;--awb-order-medium:0;--awb-spacing-right-medium:0%;--awb-spacing-left-medium:19.2%;--awb-width-small:100%;--awb-order-small:0;--awb-spacing-right-small:1.92%;--awb-spacing-left-small:1.92%;\"><div class=\"fusion-column-wrapper fusion-column-has-shadow fusion-flex-justify-content-flex-start fusion-content-layout-column\"><div class=\"fusion-text fusion-text-2\" style=\"--awb-content-alignment:left;\"><p style=\"text-align: left;\"><b style=\"color: var(--body_typography-color); font-family: var(--body_typography-font-family); font-style: var(--body_typography-font-style,normal); letter-spacing: var(--body_typography-letter-spacing); font-size: 13px;\"><span style=\"color: rgb(107, 3, 0);\">Voic<\/span><span data-fusion-font=\"true\" style=\"line-height: 23px; color: rgb(107, 3, 0);\">e of the Family<br \/><\/span><\/b><span style=\"color: rgb(107, 3, 0); font-family: var(--body_typography-font-family); font-style: var(--body_typography-font-style,normal); font-weight: var(--body_typography-font-weight); letter-spacing: var(--body_typography-letter-spacing); font-size: var(--body_typography-font-size);\"><span data-fusion-font=\"true\" style=\"font-size: 13px;\">7 Bell Yard<\/span><br \/><\/span><span style=\"color: rgb(107, 3, 0); font-family: var(--body_typography-font-family); font-style: var(--body_typography-font-style,normal); font-weight: var(--body_typography-font-weight); letter-spacing: var(--body_typography-letter-spacing); font-size: var(--body_typography-font-size);\"><span data-fusion-font=\"true\" style=\"font-size: 13px;\">London WC2A 2JR<\/span><br \/><\/span><span style=\"color: rgb(107, 3, 0); font-family: var(--body_typography-font-family); font-style: var(--body_typography-font-style,normal); font-weight: var(--body_typography-font-weight); letter-spacing: var(--body_typography-letter-spacing); font-size: 13px;\" data-fusion-font=\"true\">United Kingdom<\/span><\/p>\n<\/p>\n<p style=\"color: rgb(107, 3, 0);\">\n<div style=\"text-align: left;\"><span style=\"font-size: 13px; color: rgb(107, 3, 0); font-family: var(--body_typography-font-family); font-style: var(--body_typography-font-style,normal); font-weight: var(--body_typography-font-weight); letter-spacing: var(--body_typography-letter-spacing);\" data-fusion-font=\"true\">enquiry@voiceofthefamily.com<\/span><\/div>\n<p style=\"text-align: left;\"><span style=\"color: rgb(107, 3, 0); font-family: var(--body_typography-font-family); font-style: var(--body_typography-font-style,normal); font-weight: var(--body_typography-font-weight); letter-spacing: var(--body_typography-letter-spacing); font-size: 13px;\" data-fusion-font=\"true\">+44 (0)203 393 8188<\/span><\/p><\/p>\n<\/div><\/div><\/div><div class=\"fusion-layout-column fusion_builder_column fusion-builder-column-2 fusion_builder_column_1_2 1_2 fusion-flex-column\" style=\"--awb-padding-bottom:10px;--awb-bg-size:cover;--awb-width-large:50%;--awb-margin-top-large:0px;--awb-spacing-right-large:3.84%;--awb-margin-bottom-large:10px;--awb-spacing-left-large:3.84%;--awb-width-medium:50%;--awb-order-medium:0;--awb-spacing-right-medium:3.84%;--awb-spacing-left-medium:3.84%;--awb-width-small:100%;--awb-order-small:0;--awb-spacing-right-small:1.92%;--awb-spacing-left-small:1.92%;\"><div class=\"fusion-column-wrapper fusion-column-has-shadow fusion-flex-justify-content-flex-start fusion-content-layout-column\"><div class=\"fusion-image-element \" style=\"text-align:center;--awb-margin-top:5%;--awb-caption-title-font-family:var(--h2_typography-font-family);--awb-caption-title-font-weight:var(--h2_typography-font-weight);--awb-caption-title-font-style:var(--h2_typography-font-style);--awb-caption-title-size:var(--h2_typography-font-size);--awb-caption-title-transform:var(--h2_typography-text-transform);--awb-caption-title-line-height:var(--h2_typography-line-height);--awb-caption-title-letter-spacing:var(--h2_typography-letter-spacing);\"><span class=\" fusion-imageframe imageframe-none imageframe-1 hover-type-none\"><img decoding=\"async\" src=\"https:\/\/olrfamilycatechism.com\/wp-content\/uploads\/2020\/10\/New-VOTF-logo-copy-smaller-200x210.png\" alt class=\"img-responsive\"\/><\/span><\/div><\/div><\/div><\/div><\/div><\/p>\n","protected":false},"excerpt":{"rendered":"","protected":false},"author":6,"featured_media":0,"parent":0,"menu_order":0,"comment_status":"closed","ping_status":"closed","template":"","meta":{"give_campaign_id":0,"footnotes":""},"class_list":["post-7407","page","type-page","status-publish","hentry"],"campaignId":"","_links":{"self":[{"href":"https:\/\/olrfamilycatechism.com\/es\/wp-json\/wp\/v2\/pages\/7407","targetHints":{"allow":["GET"]}}],"collection":[{"href":"https:\/\/olrfamilycatechism.com\/es\/wp-json\/wp\/v2\/pages"}],"about":[{"href":"https:\/\/olrfamilycatechism.com\/es\/wp-json\/wp\/v2\/types\/page"}],"author":[{"embeddable":true,"href":"https:\/\/olrfamilycatechism.com\/es\/wp-json\/wp\/v2\/users\/6"}],"replies":[{"embeddable":true,"href":"https:\/\/olrfamilycatechism.com\/es\/wp-json\/wp\/v2\/comments?post=7407"}],"version-history":[{"count":0,"href":"https:\/\/olrfamilycatechism.com\/es\/wp-json\/wp\/v2\/pages\/7407\/revisions"}],"wp:attachment":[{"href":"https:\/\/olrfamilycatechism.com\/es\/wp-json\/wp\/v2\/media?parent=7407"}],"curies":[{"name":"wp","href":"https:\/\/api.w.org\/{rel}","templated":true}]}}